{"id":34,"date":"2016-03-09T10:14:54","date_gmt":"2016-03-09T09:14:54","guid":{"rendered":"http:\/\/www.centredentalcise.com\/info\/?page_id=34"},"modified":"2020-12-23T16:59:03","modified_gmt":"2020-12-23T15:59:03","slug":"higiene-revisio-dental","status":"publish","type":"page","link":"https:\/\/centredentalcise.com\/fr\/tractaments\/higiene-revisio-dental\/","title":{"rendered":"Hygi\u00e8ne et revision dentaire"},"content":{"rendered":"<p><span style=\"font-size: 14pt; color: #003084;\"><strong>Hygi\u00e8ne buccale<\/strong><\/span><\/p>\n<p style=\"text-align: justify;\">L&rsquo;hygi\u00e8ne buccale professionnelle va plus loin que celle faite par les patients \u00e0 la maison.<\/p>\n<p>Elle consiste en:<\/p>\n<ul>\n<li>Hygi\u00e8ne dentaire pour enlever le tartre et de la plaque dentaire sur les dents.<\/li>\n<li>Hygi\u00e8ne dentaire pour faire partir les taches qui se sont form\u00e9es.<\/li>\n<li>Polissage des surfaces.<\/li>\n<li>Passer la soie dentaire inter proximale.<\/li>\n<li>Evaluer la technique d\u00b4hygi\u00e8ne dentaire du patient et l&rsquo;aider \u00e0 l&rsquo;am\u00e9liorer.<\/li>\n<\/ul>\n<p style=\"text-align: justify;\">Ce genre de nettoyage professionnel est souhaitable pour garder une bonne sant\u00e9 des gencives. L&rsquo;objectif principal est d&rsquo;enlever la plaque bact\u00e9rienne et le tartre.<\/p>\n<p style=\"text-align: justify;\">Le r\u00e9sultat: une sensation de fraicheur et un nouveau sourire.<\/p>\n<p><span style=\"font-size: 14pt; color: #003084;\"><strong>Revision dentaire<\/strong><\/span><\/p>\n<p style=\"text-align: justify;\">La pr\u00e9vention est un \u00e9l\u00e9ment cl\u00e9 pour garder une bonne sant\u00e9 buccale.<img decoding=\"async\" class=\"alignright wp-image-350\" src=\"https:\/\/www.centredentalcise.com\/wp-content\/uploads\/2016\/03\/Revisi\u00f3-dental.jpg\" alt=\"\" width=\"225\" height=\"150\" srcset=\"https:\/\/centredentalcise.com\/wp-content\/uploads\/2016\/03\/Revisi\u00f3-dental.jpg 900w, https:\/\/centredentalcise.com\/wp-content\/uploads\/2016\/03\/Revisi\u00f3-dental-300x200.jpg 300w, https:\/\/centredentalcise.com\/wp-content\/uploads\/2016\/03\/Revisi\u00f3-dental-768x512.jpg 768w\" sizes=\"(max-width: 225px) 100vw, 225px\" \/><\/p>\n<p style=\"text-align: justify;\">Une r\u00e9vision dentaire permet d&rsquo;examiner la bouche, toute enti\u00e8re, c&rsquo;est \u00e0 dire: Les l\u00e8vres, la langue, les dents et les os qui tiennent les dents. Pendant cette r\u00e9vision on verra s&rsquo;il y a des caries, de la plaque bact\u00e9rienne ou bien si la gencive est en bon \u00e9tat.<\/p>\n<p style=\"text-align: justify;\">Il est recommand\u00e9 de passer une r\u00e9vision dentaire <strong>tous les 6 mois<\/strong>.<\/p>\n<p style=\"text-align: justify;\"><img fetchpriority=\"high\" decoding=\"async\" class=\"aligncenter wp-image-373 size-full\" src=\"https:\/\/www.centredentalcise.com\/wp-content\/uploads\/2016\/03\/Higiene-oral.jpg\" alt=\"Higiene oral | Centre Dental Cise\" width=\"1280\" height=\"720\" srcset=\"https:\/\/centredentalcise.com\/wp-content\/uploads\/2016\/03\/Higiene-oral.jpg 1280w, https:\/\/centredentalcise.com\/wp-content\/uploads\/2016\/03\/Higiene-oral-300x169.jpg 300w, https:\/\/centredentalcise.com\/wp-content\/uploads\/2016\/03\/Higiene-oral-768x432.jpg 768w, https:\/\/centredentalcise.com\/wp-content\/uploads\/2016\/03\/Higiene-oral-1024x576.jpg 1024w\" sizes=\"(max-width: 1280px) 100vw, 1280px\" \/><\/p>\n<p><\/p>","protected":false},"excerpt":{"rendered":"<p>Hygi\u00e8ne buccale L&rsquo;hygi\u00e8ne buccale professionnelle va plus loin que celle faite par les patients \u00e0 la maison. Elle consiste en: Hygi\u00e8ne dentaire pour enlever le tartre et de la plaque dentaire sur les dents. Hygi\u00e8ne dentaire pour faire partir les taches qui se sont form\u00e9es. Polissage des surfaces. Passer la soie dentaire inter proximale. Evaluer<br \/><a class=\"moretag\" href=\"https:\/\/centredentalcise.com\/fr\/tractaments\/higiene-revisio-dental\/\">+ Read More<\/a><\/p>\n","protected":false},"author":1,"featured_media":1499,"parent":1166,"menu_order":0,"comment_status":"closed","ping_status":"closed","template":"","meta":{"footnotes":""},"class_list":["post-34","page","type-page","status-publish","has-post-thumbnail","hentry"],"_links":{"self":[{"href":"https:\/\/centredentalcise.com\/fr\/wp-json\/wp\/v2\/pages\/34","targetHints":{"allow":["GET"]}}],"collection":[{"href":"https:\/\/centredentalcise.com\/fr\/wp-json\/wp\/v2\/pages"}],"about":[{"href":"https:\/\/centredentalcise.com\/fr\/wp-json\/wp\/v2\/types\/page"}],"author":[{"embeddable":true,"href":"https:\/\/centredentalcise.com\/fr\/wp-json\/wp\/v2\/users\/1"}],"replies":[{"embeddable":true,"href":"https:\/\/centredentalcise.com\/fr\/wp-json\/wp\/v2\/comments?post=34"}],"version-history":[{"count":0,"href":"https:\/\/centredentalcise.com\/fr\/wp-json\/wp\/v2\/pages\/34\/revisions"}],"up":[{"embeddable":true,"href":"https:\/\/centredentalcise.com\/fr\/wp-json\/wp\/v2\/pages\/1166"}],"wp:featuredmedia":[{"embeddable":true,"href":"https:\/\/centredentalcise.com\/fr\/wp-json\/wp\/v2\/media\/1499"}],"wp:attachment":[{"href":"https:\/\/centredentalcise.com\/fr\/wp-json\/wp\/v2\/media?parent=34"}],"curies":[{"name":"wp","href":"https:\/\/api.w.org\/{rel}","templated":true}]}}