{"id":24,"date":"2016-03-09T10:10:44","date_gmt":"2016-03-09T09:10:44","guid":{"rendered":"http:\/\/www.centredentalcise.com\/info\/?page_id=24"},"modified":"2023-09-22T17:43:01","modified_gmt":"2023-09-22T15:43:01","slug":"ortodoncia","status":"publish","type":"page","link":"https:\/\/centredentalcise.com\/fr\/tractaments\/ortodoncia\/","title":{"rendered":"Orthodontie et Orthodontie invisible"},"content":{"rendered":"\t\t<div data-elementor-type=\"wp-page\" data-elementor-id=\"24\" class=\"elementor elementor-24\" data-elementor-post-type=\"page\">\n\t\t\t\t\t\t<section class=\"elementor-section elementor-top-section elementor-element elementor-element-42dead0 elementor-section-full_width elementor-section-height-default elementor-section-height-default\" data-id=\"42dead0\" data-element_type=\"section\" data-e-type=\"section\">\n\t\t\t\t\t\t<div class=\"elementor-container elementor-column-gap-no\">\n\t\t\t\t\t<div class=\"elementor-column elementor-col-100 elementor-top-column elementor-element elementor-element-607089b9\" data-id=\"607089b9\" data-element_type=\"column\" data-e-type=\"column\">\n\t\t\t<div class=\"elementor-widget-wrap elementor-element-populated\">\n\t\t\t\t\t\t<div class=\"elementor-element elementor-element-36d842a7 elementor-widget elementor-widget-text-editor\" data-id=\"36d842a7\" data-element_type=\"widget\" data-e-type=\"widget\" data-widget_type=\"text-editor.default\">\n\t\t\t\t<div class=\"elementor-widget-container\">\n\t\t\t\t\t\t\t\t\t<p>L\u2019Orthodontie est une branche de l\u2019Art dentaire,\u00a0sp\u00e9cialis\u00e9e dans le diagnostic, la pr\u00e9vention et le traitement des irr\u00e9gularit\u00e9s dentaires et faciales ou mauvaise occlusion (du mal pour mordre correctement). Elle cherche le positionnement parfait des dents, avec les bienfaits esth\u00e9tiques et pour la sant\u00e9 que cela comporte. Ainsi que la\u00a0coordination normale des maxillaires, pour atteindre l\u2019harmonie faciale. Des dents saines que travaillent bien, et un visage harmonieux ont un impact sur l\u2019estime de soi et l\u00b4acceptation sociale du patient.<\/p><p style=\"text-align: justify;\">On travaille avec les enfants et les adolescents parce qu\u2019ils sont en pleine croissance du squelette et en changement dentaire, raison pour laquelle on peut travailler sur les deux structures. Une fois la croissance termin\u00e9e, on peut seulement agir sur les dents. La croissance cr\u00e2nio-faciale chez les femmes finit \u00e0 15 ans et chez les hommes \u00e0 19 ans.<\/p><p style=\"text-align: justify;\">On peut malgr\u00e9 tout s\u2019en servir \u00e0 n\u2019importe quel \u00e2ge, l\u2019orthodontie arrive \u00e0 corriger la mauvaise position des dents pour avoir une bouche saine. Un beau sourire illumine le visage et le rend plus attirant.<\/p><h3 style=\"text-align: center;\">\u00c0 l&rsquo;heure actuelle il existe 3 types d\u00b4Orthodontie:<br \/>Conventionnelle, Esth\u00e9tique et Invisible<\/h3><p>L\u2019esth\u00e9tique dentaire est \u00e9troitement li\u00e9e \u00e0 la correcte position des dents. C\u2019est pourquoi nous disposons de traitements correcteurs en orthodontie dentaire, souvent nous utilisons des\u00a0<strong>brackets esth\u00e9tiques<\/strong>, moins visibles et aux arcs plus ergonomiques, ce qui fait que le traitement d\u2019<strong>orthodontie<\/strong>\u00a0soit plus rapide et la\u00a0<strong>correction dentaire<\/strong>\u00a0\u00e0 l\u2019\u00e2ge adulte plus simple.<\/p><p>L\u2019Orthodontie Invisible repr\u00e9sente un \u00e9norme saut qualitatif pour ce qui est de la qualit\u00e9 de vie du patient. Les avantages de l\u2019orthodontie invisible sur la traditionnelle sont indiscutables:<\/p><ol style=\"text-align: justify;\"><li><strong>Des Appareils transparents<\/strong>, presque invisibles.<\/li><li><strong>Tr\u00e8s confortables<\/strong>, sans plaies ni blessures.<\/li><li style=\"text-align: justify;\"><strong>Appareils amovibles<\/strong>: Des appareils d&rsquo;orthodontie avec un design compacte qui permet au patient de les enlever pour se rendre \u00e0 des r\u00e9unions ou des rendez-vous, pour manger, boire ou se brosser les dents.<\/li><\/ol><p style=\"text-align: justify;\">C&rsquo;est \u00e7a l<strong>&lsquo;orthodontie invisible<\/strong>: Un traitement r\u00e9volutionnaire qui apporte des solutions pour tous les inconv\u00e9nients des appareils m\u00e9talliques.<\/p><p style=\"text-align: justify;\">Venez nous rendre visite! Nous \u00e9tudierons votre cas sans engagement. Vous serez convaincu par les avantages de ce nouveau syst\u00e8me.\u00a0<\/p>\t\t\t\t\t\t\t\t<\/div>\n\t\t\t\t<\/div>\n\t\t\t\t<div class=\"elementor-element elementor-element-97837a8 elementor-widget elementor-widget-image\" data-id=\"97837a8\" data-element_type=\"widget\" data-e-type=\"widget\" data-widget_type=\"image.default\">\n\t\t\t\t<div class=\"elementor-widget-container\">\n\t\t\t\t\t\t\t\t\t\t\t\t\t\t\t<img fetchpriority=\"high\" decoding=\"async\" width=\"800\" height=\"489\" src=\"https:\/\/centredentalcise.com\/wp-content\/uploads\/2023\/09\/Ortodoncia-invisble-Invisalign.jpg\" class=\"attachment-full size-full wp-image-83794\" alt=\"Centre Dental Cise - Figueres | Orthodontie invisible\" srcset=\"https:\/\/centredentalcise.com\/wp-content\/uploads\/2023\/09\/Ortodoncia-invisble-Invisalign.jpg 800w, https:\/\/centredentalcise.com\/wp-content\/uploads\/2023\/09\/Ortodoncia-invisble-Invisalign-300x183.jpg 300w, https:\/\/centredentalcise.com\/wp-content\/uploads\/2023\/09\/Ortodoncia-invisble-Invisalign-150x92.jpg 150w, https:\/\/centredentalcise.com\/wp-content\/uploads\/2023\/09\/Ortodoncia-invisble-Invisalign-768x469.jpg 768w\" sizes=\"(max-width: 800px) 100vw, 800px\" \/>\t\t\t\t\t\t\t\t\t\t\t\t\t\t\t<\/div>\n\t\t\t\t<\/div>\n\t\t\t\t\t<\/div>\n\t\t<\/div>\n\t\t\t\t\t<\/div>\n\t\t<\/section>\n\t\t\t\t<\/div>\n\t\t","protected":false},"excerpt":{"rendered":"<p>L\u2019Orthodontie est une branche de l\u2019Art dentaire,\u00a0sp\u00e9cialis\u00e9e dans le diagnostic, la pr\u00e9vention et le traitement des irr\u00e9gularit\u00e9s dentaires et faciales ou mauvaise occlusion (du mal pour mordre correctement). Elle cherche le positionnement parfait des dents, avec les bienfaits esth\u00e9tiques et pour la sant\u00e9 que cela comporte. Ainsi que la\u00a0coordination normale des maxillaires, pour atteindre l\u2019harmonie<br \/><a class=\"moretag\" href=\"https:\/\/centredentalcise.com\/fr\/tractaments\/ortodoncia\/\">+ Read More<\/a><\/p>\n","protected":false},"author":1,"featured_media":83792,"parent":1166,"menu_order":0,"comment_status":"closed","ping_status":"closed","template":"","meta":{"footnotes":""},"class_list":["post-24","page","type-page","status-publish","has-post-thumbnail","hentry"],"_links":{"self":[{"href":"https:\/\/centredentalcise.com\/fr\/wp-json\/wp\/v2\/pages\/24","targetHints":{"allow":["GET"]}}],"collection":[{"href":"https:\/\/centredentalcise.com\/fr\/wp-json\/wp\/v2\/pages"}],"about":[{"href":"https:\/\/centredentalcise.com\/fr\/wp-json\/wp\/v2\/types\/page"}],"author":[{"embeddable":true,"href":"https:\/\/centredentalcise.com\/fr\/wp-json\/wp\/v2\/users\/1"}],"replies":[{"embeddable":true,"href":"https:\/\/centredentalcise.com\/fr\/wp-json\/wp\/v2\/comments?post=24"}],"version-history":[{"count":0,"href":"https:\/\/centredentalcise.com\/fr\/wp-json\/wp\/v2\/pages\/24\/revisions"}],"up":[{"embeddable":true,"href":"https:\/\/centredentalcise.com\/fr\/wp-json\/wp\/v2\/pages\/1166"}],"wp:featuredmedia":[{"embeddable":true,"href":"https:\/\/centredentalcise.com\/fr\/wp-json\/wp\/v2\/media\/83792"}],"wp:attachment":[{"href":"https:\/\/centredentalcise.com\/fr\/wp-json\/wp\/v2\/media?parent=24"}],"curies":[{"name":"wp","href":"https:\/\/api.w.org\/{rel}","templated":true}]}}