{"id":34,"date":"2016-03-09T10:14:54","date_gmt":"2016-03-09T09:14:54","guid":{"rendered":"http:\/\/www.centredentalcise.com\/info\/?page_id=34"},"modified":"2020-12-23T16:59:03","modified_gmt":"2020-12-23T15:59:03","slug":"higiene-revisio-dental","status":"publish","type":"page","link":"https:\/\/centredentalcise.com\/es\/tractaments\/higiene-revisio-dental\/","title":{"rendered":"Higiene y revisi\u00f3n dental"},"content":{"rendered":"<p><\/p>\n<p style=\"text-align: justify;\"><span style=\"font-size: 14pt;\"><strong><span style=\"color: #003084;\">Higiene dental<\/span><\/strong><\/span><\/p>\n<p style=\"text-align: justify;\">La higiene dental profesional va m\u00e1s all\u00e1 de la que pueden realizar los pacientes en casa.<\/p>\n<p style=\"text-align: justify;\">Consiste en:<\/p>\n<ul style=\"text-align: justify;\">\n<li>Higiene dental para eliminar todo el sarro y la placa de los dientes<\/li>\n<li>Higiene dental para eliminar las manchas que se hayan formado.<\/li>\n<li>Pulir las superficies<\/li>\n<li>Pasar seda dental interproximal<\/li>\n<li>Evaluar la t\u00e9cnica de higiene dental del paciente y ayudarle a mejorarla.<\/li>\n<\/ul>\n<p style=\"text-align: justify;\">Este tipo de limpieza profesional es recomendable para mantener una buena salud de los dientes y de las enc\u00edas. El objetivo principal es remover la placa bacteriana y el c\u00e1lculo o sarro.<\/p>\n<p style=\"text-align: justify;\">El resultado: una sensaci\u00f3n de frescura y una sonrisa renovada.<\/p>\n<p style=\"text-align: justify;\"><strong><span style=\"color: #003084; font-size: 14pt;\">Revisi\u00f3n dental<\/span><\/strong><\/p>\n<p><img decoding=\"async\" class=\"wp-image-350 alignright\" src=\"https:\/\/www.centredentalcise.com\/wp-content\/uploads\/2016\/03\/Revisi\u00f3-dental.jpg\" alt=\"\" width=\"225\" height=\"150\" srcset=\"https:\/\/centredentalcise.com\/wp-content\/uploads\/2016\/03\/Revisi\u00f3-dental.jpg 900w, https:\/\/centredentalcise.com\/wp-content\/uploads\/2016\/03\/Revisi\u00f3-dental-300x200.jpg 300w, https:\/\/centredentalcise.com\/wp-content\/uploads\/2016\/03\/Revisi\u00f3-dental-768x512.jpg 768w\" sizes=\"(max-width: 225px) 100vw, 225px\" \/><\/p>\n<p style=\"text-align: justify;\">La prevenci\u00f3n es una parte fundamental para mantener una buena salud bucodental.<\/p>\n<p style=\"text-align: justify;\">Una revisi\u00f3n dental permite examinar toda la boca, incluyendo labios, enc\u00edas, lengua, dientes y huesos que sirven de soporte a los dientes. Durante esta revisi\u00f3n se comprueba si hay caries, placa bacteriana o si la enc\u00eda est\u00e1 en buenas condiciones.<\/p>\n<p style=\"text-align: justify;\">Se recomienda efectuar una revisi\u00f3n dental <strong>cada 6 meses<\/strong>.<\/p>\n<p style=\"text-align: justify;\"><img fetchpriority=\"high\" decoding=\"async\" class=\"aligncenter wp-image-373 size-full\" src=\"https:\/\/www.centredentalcise.com\/wp-content\/uploads\/2016\/03\/Higiene-oral.jpg\" alt=\"Higiene oral | Centre Dental Cise\" width=\"1280\" height=\"720\" srcset=\"https:\/\/centredentalcise.com\/wp-content\/uploads\/2016\/03\/Higiene-oral.jpg 1280w, https:\/\/centredentalcise.com\/wp-content\/uploads\/2016\/03\/Higiene-oral-300x169.jpg 300w, https:\/\/centredentalcise.com\/wp-content\/uploads\/2016\/03\/Higiene-oral-768x432.jpg 768w, https:\/\/centredentalcise.com\/wp-content\/uploads\/2016\/03\/Higiene-oral-1024x576.jpg 1024w\" sizes=\"(max-width: 1280px) 100vw, 1280px\" \/><\/p>\n<p><\/p>","protected":false},"excerpt":{"rendered":"<p>Higiene dental La higiene dental profesional va m\u00e1s all\u00e1 de la que pueden realizar los pacientes en casa. Consiste en: Higiene dental para eliminar todo el sarro y la placa de los dientes Higiene dental para eliminar las manchas que se hayan formado. Pulir las superficies Pasar seda dental interproximal Evaluar la t\u00e9cnica de higiene<br \/><a class=\"moretag\" href=\"https:\/\/centredentalcise.com\/es\/tractaments\/higiene-revisio-dental\/\">+ Read More<\/a><\/p>\n","protected":false},"author":1,"featured_media":1499,"parent":1166,"menu_order":0,"comment_status":"closed","ping_status":"closed","template":"","meta":{"footnotes":""},"class_list":["post-34","page","type-page","status-publish","has-post-thumbnail","hentry"],"_links":{"self":[{"href":"https:\/\/centredentalcise.com\/es\/wp-json\/wp\/v2\/pages\/34","targetHints":{"allow":["GET"]}}],"collection":[{"href":"https:\/\/centredentalcise.com\/es\/wp-json\/wp\/v2\/pages"}],"about":[{"href":"https:\/\/centredentalcise.com\/es\/wp-json\/wp\/v2\/types\/page"}],"author":[{"embeddable":true,"href":"https:\/\/centredentalcise.com\/es\/wp-json\/wp\/v2\/users\/1"}],"replies":[{"embeddable":true,"href":"https:\/\/centredentalcise.com\/es\/wp-json\/wp\/v2\/comments?post=34"}],"version-history":[{"count":0,"href":"https:\/\/centredentalcise.com\/es\/wp-json\/wp\/v2\/pages\/34\/revisions"}],"up":[{"embeddable":true,"href":"https:\/\/centredentalcise.com\/es\/wp-json\/wp\/v2\/pages\/1166"}],"wp:featuredmedia":[{"embeddable":true,"href":"https:\/\/centredentalcise.com\/es\/wp-json\/wp\/v2\/media\/1499"}],"wp:attachment":[{"href":"https:\/\/centredentalcise.com\/es\/wp-json\/wp\/v2\/media?parent=34"}],"curies":[{"name":"wp","href":"https:\/\/api.w.org\/{rel}","templated":true}]}}