{"id":314,"date":"2016-04-26T17:13:04","date_gmt":"2016-04-26T17:13:04","guid":{"rendered":"http:\/\/www.centredentalcise.com\/info\/?page_id=314"},"modified":"2023-05-19T16:00:29","modified_gmt":"2023-05-19T14:00:29","slug":"salut-dental","status":"publish","type":"page","link":"https:\/\/centredentalcise.com\/es\/salut-dental\/","title":{"rendered":"Salud dental"},"content":{"rendered":"\t\t<div data-elementor-type=\"wp-page\" data-elementor-id=\"314\" class=\"elementor elementor-314\" data-elementor-post-type=\"page\">\n\t\t\t\t\t\t<section class=\"elementor-section elementor-top-section elementor-element elementor-element-255766d8 elementor-section-full_width elementor-section-height-default elementor-section-height-default\" data-id=\"255766d8\" data-element_type=\"section\" data-e-type=\"section\">\n\t\t\t\t\t\t<div class=\"elementor-container elementor-column-gap-no\">\n\t\t\t\t\t<div class=\"elementor-column elementor-col-100 elementor-top-column elementor-element elementor-element-621f77c7\" data-id=\"621f77c7\" data-element_type=\"column\" data-e-type=\"column\">\n\t\t\t<div class=\"elementor-widget-wrap elementor-element-populated\">\n\t\t\t\t\t\t<div class=\"elementor-element elementor-element-349a3364 elementor-widget elementor-widget-text-editor\" data-id=\"349a3364\" data-element_type=\"widget\" data-e-type=\"widget\" data-widget_type=\"text-editor.default\">\n\t\t\t\t<div class=\"elementor-widget-container\">\n\t\t\t\t\t\t\t\t\t<p><\/p><h2 style=\"text-align: center;\">El nostre comprom\u00eds amb vost\u00e8<\/h2><p style=\"text-align: justify;\">L\u2019any 1989 neix el nostre Centre Dental a Figueres (a Barcelona des de 1974) i, amb ell, una nova manera d\u2019anar al dentista, una cl\u00ednica que potencia el tracte hum\u00e0 per damunt de tot i amb un servei integral que reuneix a totes les especialitats dentals en una sola cl\u00ednica.<\/p><p style=\"text-align: justify;\">Avui, m\u00e9s de quaranta anys despr\u00e9s, seguim al costat dels nostres pacients complint el comprom\u00eds adquirit amb ells d\u2019oferir totes les possibilitats existents perqu\u00e8 puguin gaudir d&#8217;un somriure bonic i sa.<\/p><p style=\"text-align: justify;\">L&#8217;aposta de <strong>Centre Dental CISE<\/strong> per la prevenci\u00f3 i l&#8217;atenci\u00f3 personalitzada es materialitza garantint als nostres pacients l&#8217;\u00faltima tecnologia en tot el referent a equips i materials odontol\u00f2gics, oferint un <strong>servei d&#8217;odontologia integral amb totes les especialitats<\/strong>: implantologia, ortod\u00f2ncia, est\u00e8tica dental, odontopediatria i odontologia integral. La proximitat amb els nostres pacients \u00e9s una premissa elemental en la nostra filosofia de treball.<\/p><p style=\"text-align: justify;\">A m\u00e9s comptem amb professionals de renom i gran experi\u00e8ncia que tractaran directament amb vost\u00e8 i li explicaran amb detall el tractament m\u00e9s adequat al seu problema bucal.<\/p><p>Converteixi&#8217;s en un dels nostres pacients i no se\u2019n penedir\u00e0, recuperi una correcta masticaci\u00f3 i una est\u00e8tica adequada amb el que millorar\u00e0 la seva qualitat de vida. Sigui un m\u00e9s de la nostra gran fam\u00edlia de pacients i posi la seva boca a les nostres mans, l\u2019esperem!!<\/p>\t\t\t\t\t\t\t\t<\/div>\n\t\t\t\t<\/div>\n\t\t\t\t<div class=\"elementor-element elementor-element-fe14c40 elementor-arrows-position-inside elementor-widget elementor-widget-image-carousel\" data-id=\"fe14c40\" data-element_type=\"widget\" data-e-type=\"widget\" data-settings=\"{&quot;slides_to_show&quot;:&quot;1&quot;,&quot;navigation&quot;:&quot;arrows&quot;,&quot;pause_on_hover&quot;:&quot;no&quot;,&quot;pause_on_interaction&quot;:&quot;no&quot;,&quot;effect&quot;:&quot;fade&quot;,&quot;autoplay&quot;:&quot;yes&quot;,&quot;autoplay_speed&quot;:5000,&quot;infinite&quot;:&quot;yes&quot;,&quot;speed&quot;:500}\" data-widget_type=\"image-carousel.default\">\n\t\t\t\t<div class=\"elementor-widget-container\">\n\t\t\t\t\t\t\t<div class=\"elementor-image-carousel-wrapper swiper\" role=\"region\" aria-roledescription=\"carousel\" aria-label=\"Carrusel d&#039;imatges\" dir=\"ltr\">\n\t\t\t<div class=\"elementor-image-carousel swiper-wrapper\" aria-live=\"off\">\n\t\t\t\t\t\t\t\t<div class=\"swiper-slide\" role=\"group\" aria-roledescription=\"slide\" aria-label=\"1 de 5\"><figure class=\"swiper-slide-inner\"><img decoding=\"async\" class=\"swiper-slide-image\" src=\"https:\/\/centredentalcise.com\/wp-content\/uploads\/2020\/12\/Centre-Dental-Cise-Figueres-1.jpg\" alt=\"Centre Dental Cise - Figueres | Recomanacions\" \/><\/figure><\/div><div class=\"swiper-slide\" role=\"group\" aria-roledescription=\"slide\" aria-label=\"2 de 5\"><figure class=\"swiper-slide-inner\"><img decoding=\"async\" class=\"swiper-slide-image\" src=\"https:\/\/centredentalcise.com\/wp-content\/uploads\/2020\/12\/Centre-Dental-Cise-Figueres-2.jpg\" alt=\"Centre Dental Cise - Figueres | Recomanacions\" \/><\/figure><\/div><div class=\"swiper-slide\" role=\"group\" aria-roledescription=\"slide\" aria-label=\"3 de 5\"><figure class=\"swiper-slide-inner\"><img decoding=\"async\" class=\"swiper-slide-image\" src=\"https:\/\/centredentalcise.com\/wp-content\/uploads\/2020\/12\/Centre-Dental-Cise-Figueres-3.jpg\" alt=\"Centre Dental Cise - Figueres | Recomanacions\" \/><\/figure><\/div><div class=\"swiper-slide\" role=\"group\" aria-roledescription=\"slide\" aria-label=\"4 de 5\"><figure class=\"swiper-slide-inner\"><img decoding=\"async\" class=\"swiper-slide-image\" src=\"https:\/\/centredentalcise.com\/wp-content\/uploads\/2020\/12\/Centre-Dental-Cise-Figueres-4.jpg\" alt=\"Centre Dental Cise - Figueres | Recomanacions\" \/><\/figure><\/div><div class=\"swiper-slide\" role=\"group\" aria-roledescription=\"slide\" aria-label=\"5 de 5\"><figure class=\"swiper-slide-inner\"><img decoding=\"async\" class=\"swiper-slide-image\" src=\"https:\/\/centredentalcise.com\/wp-content\/uploads\/2020\/12\/Centre-Dental-Cise-Figueres-5.jpg\" alt=\"Centre Dental Cise - Figueres | Recomanacions\" \/><\/figure><\/div>\t\t\t<\/div>\n\t\t\t\t\t\t\t\t\t\t\t\t<div class=\"elementor-swiper-button elementor-swiper-button-prev\" role=\"button\" tabindex=\"0\">\n\t\t\t\t\t\t<i aria-hidden=\"true\" class=\"eicon-chevron-left\"><\/i>\t\t\t\t\t<\/div>\n\t\t\t\t\t<div class=\"elementor-swiper-button elementor-swiper-button-next\" role=\"button\" tabindex=\"0\">\n\t\t\t\t\t\t<i aria-hidden=\"true\" class=\"eicon-chevron-right\"><\/i>\t\t\t\t\t<\/div>\n\t\t\t\t\n\t\t\t\t\t\t\t\t\t<\/div>\n\t\t\t\t\t\t<\/div>\n\t\t\t\t<\/div>\n\t\t\t\t<div class=\"elementor-element elementor-element-39ad72f elementor-widget elementor-widget-text-editor\" data-id=\"39ad72f\" data-element_type=\"widget\" data-e-type=\"widget\" data-widget_type=\"text-editor.default\">\n\t\t\t\t<div class=\"elementor-widget-container\">\n\t\t\t\t\t\t\t\t\t<p>Una boca bonica, amb unes dents netes i cuidades no \u00e9s nom\u00e9s la nostra carta de presentaci\u00f3, sin\u00f3 un indicador de la nostra salut.<\/p><p style=\"text-align: justify;\">Si la neteja bucal no \u00e9s bona, les bact\u00e8ries poden danyar l&#8217;esmalt dental provocant c\u00e0ries, taques, c\u00e0lcul i fins i tot la caiguda de les dents.<\/p><p style=\"text-align: justify;\">En el nostre centre garantim la seva salut bucodental:<\/p><ul><li style=\"text-align: justify;\"><strong>Revisi\u00f3 dental<\/strong>: important visitar al dentista de confian\u00e7a cada 6 mesos. Vegi per qu\u00e8.<\/li><li style=\"text-align: justify;\"><strong>Higiene oral<\/strong>: Completa higiene oral professional, efectiva i imprescindible per a eliminar completament el c\u00e0lcul i la placa bacteriana.<\/li><li style=\"text-align: justify;\"><strong>Cura infantil<\/strong>: com cuidar les dents dels m\u00e9s petits, a partir de quina edat, consells\u2026<\/li><li style=\"text-align: justify;\"><strong>Recomanacions<\/strong>: una guia \u00fatil del qu\u00e8 cal fer i evitar en q\u00fcesti\u00f3 de salut dental.<\/li><\/ul><p><\/p>\t\t\t\t\t\t\t\t<\/div>\n\t\t\t\t<\/div>\n\t\t\t\t\t<\/div>\n\t\t<\/div>\n\t\t\t\t\t<\/div>\n\t\t<\/section>\n\t\t\t\t<\/div>\n\t\t","protected":false},"excerpt":{"rendered":"<p>Nuestro compromiso con usted En 1989 nace\u00a0nuestro Centro Dental en Figueres (en Barcelona desde 1974) y con \u00e9l, una nueva\u00a0manera de\u00a0acudir al dentista,\u00a0una cl\u00ednica que potencia el trato humano por sobre todo lo dem\u00e1s,\u00a0y\u00a0con un servicio integral\u00a0que reune a todas las especialidades dentales\u00a0en\u00a0una sola cl\u00ednica. Hoy, m\u00e1s de cuarenta a\u00f1os despu\u00e9s,\u00a0seguimos al lado de nuestros<br \/><a class=\"moretag\" href=\"https:\/\/centredentalcise.com\/es\/salut-dental\/\">+ Read More<\/a><\/p>\n","protected":false},"author":1,"featured_media":2052,"parent":0,"menu_order":0,"comment_status":"closed","ping_status":"closed","template":"","meta":{"footnotes":""},"class_list":["post-314","page","type-page","status-publish","has-post-thumbnail","hentry"],"_links":{"self":[{"href":"https:\/\/centredentalcise.com\/es\/wp-json\/wp\/v2\/pages\/314","targetHints":{"allow":["GET"]}}],"collection":[{"href":"https:\/\/centredentalcise.com\/es\/wp-json\/wp\/v2\/pages"}],"about":[{"href":"https:\/\/centredentalcise.com\/es\/wp-json\/wp\/v2\/types\/page"}],"author":[{"embeddable":true,"href":"https:\/\/centredentalcise.com\/es\/wp-json\/wp\/v2\/users\/1"}],"replies":[{"embeddable":true,"href":"https:\/\/centredentalcise.com\/es\/wp-json\/wp\/v2\/comments?post=314"}],"version-history":[{"count":0,"href":"https:\/\/centredentalcise.com\/es\/wp-json\/wp\/v2\/pages\/314\/revisions"}],"wp:featuredmedia":[{"embeddable":true,"href":"https:\/\/centredentalcise.com\/es\/wp-json\/wp\/v2\/media\/2052"}],"wp:attachment":[{"href":"https:\/\/centredentalcise.com\/es\/wp-json\/wp\/v2\/media?parent=314"}],"curies":[{"name":"wp","href":"https:\/\/api.w.org\/{rel}","templated":true}]}}