{"id":28,"date":"2016-03-09T10:13:33","date_gmt":"2016-03-09T09:13:33","guid":{"rendered":"http:\/\/www.centredentalcise.com\/info\/?page_id=28"},"modified":"2020-12-23T16:54:59","modified_gmt":"2020-12-23T15:54:59","slug":"periodoncia","status":"publish","type":"page","link":"https:\/\/centredentalcise.com\/es\/tractaments\/periodoncia\/","title":{"rendered":"Periodoncia"},"content":{"rendered":"<p><\/p>\n<p style=\"text-align: justify;\">La <strong>Period\u00f2ncia<\/strong> es la especialidad de la odontolog\u00eda que se dedica a la salud de las enc\u00edas para prevenir <strong>gingivitis<\/strong> y otras enfermedades. La palabra <em><strong>periodontal<\/strong><\/em> quiere decir <em><strong>alrededor del diente<\/strong><\/em>.<\/p>\n<p style=\"text-align: justify;\">Si la enc\u00eda est\u00e1 sana, los dientes est\u00e1n firmes, garantizando que cumplan correctamente su misi\u00f3n masticatoria. Adem\u00e1s, una enc\u00eda rosada y bien contorneada alrededor de los dientes, influye directamente en la est\u00e9tica bucal.<\/p>\n<p style=\"text-align: justify;\">Hay muchas personas que sufren enfermedades periodontales (gingivitis en primera instancia) y no lo saben porque son indoloras en sus estadios iniciales.<\/p>\n<p style=\"text-align: justify;\">Las enc\u00edas sin gingivitis tienen un color rosa claro, no rojo, y no sangran nunca. El sangrado es el signo m\u00e1s claro de gingivitis.<\/p>\n<p style=\"text-align: justify;\">Si nota esos s\u00edntomas, debe acudir al dentista para iniciar cuanto antes el tratamiento, ya que en estadios muy adelantados no hay m\u00e1s remedio que extraer los dientes para solucionar la infecci\u00f3n.<\/p>\n<p style=\"text-align: justify;\">En nuestra cl\u00ednica ofrecemos diagn\u00f3stico personalizado en cada caso, con su consiguiente tratamiento para poner freno a la situaci\u00f3n y, posteriormente, mantenimiento para evitar que \u00e9sta se vuelva a producir.<\/p>\n<p style=\"text-align: justify;\"><img fetchpriority=\"high\" decoding=\"async\" class=\"aligncenter wp-image-375 size-full\" src=\"https:\/\/www.centredentalcise.com\/wp-content\/uploads\/2016\/03\/Periodoncia.jpg\" alt=\"Periodoncia | Centre Dental Cise\" width=\"1024\" height=\"567\" srcset=\"https:\/\/centredentalcise.com\/wp-content\/uploads\/2016\/03\/Periodoncia.jpg 1024w, https:\/\/centredentalcise.com\/wp-content\/uploads\/2016\/03\/Periodoncia-300x166.jpg 300w, https:\/\/centredentalcise.com\/wp-content\/uploads\/2016\/03\/Periodoncia-768x425.jpg 768w\" sizes=\"(max-width: 1024px) 100vw, 1024px\" \/><\/p>\n<p><\/p>","protected":false},"excerpt":{"rendered":"<p>La Period\u00f2ncia es la especialidad de la odontolog\u00eda que se dedica a la salud de las enc\u00edas para prevenir gingivitis y otras enfermedades. La palabra periodontal quiere decir alrededor del diente. Si la enc\u00eda est\u00e1 sana, los dientes est\u00e1n firmes, garantizando que cumplan correctamente su misi\u00f3n masticatoria. Adem\u00e1s, una enc\u00eda rosada y bien contorneada alrededor<br \/><a class=\"moretag\" href=\"https:\/\/centredentalcise.com\/es\/tractaments\/periodoncia\/\">+ Read More<\/a><\/p>\n","protected":false},"author":1,"featured_media":1497,"parent":1166,"menu_order":0,"comment_status":"closed","ping_status":"closed","template":"","meta":{"footnotes":""},"class_list":["post-28","page","type-page","status-publish","has-post-thumbnail","hentry"],"_links":{"self":[{"href":"https:\/\/centredentalcise.com\/es\/wp-json\/wp\/v2\/pages\/28","targetHints":{"allow":["GET"]}}],"collection":[{"href":"https:\/\/centredentalcise.com\/es\/wp-json\/wp\/v2\/pages"}],"about":[{"href":"https:\/\/centredentalcise.com\/es\/wp-json\/wp\/v2\/types\/page"}],"author":[{"embeddable":true,"href":"https:\/\/centredentalcise.com\/es\/wp-json\/wp\/v2\/users\/1"}],"replies":[{"embeddable":true,"href":"https:\/\/centredentalcise.com\/es\/wp-json\/wp\/v2\/comments?post=28"}],"version-history":[{"count":0,"href":"https:\/\/centredentalcise.com\/es\/wp-json\/wp\/v2\/pages\/28\/revisions"}],"up":[{"embeddable":true,"href":"https:\/\/centredentalcise.com\/es\/wp-json\/wp\/v2\/pages\/1166"}],"wp:featuredmedia":[{"embeddable":true,"href":"https:\/\/centredentalcise.com\/es\/wp-json\/wp\/v2\/media\/1497"}],"wp:attachment":[{"href":"https:\/\/centredentalcise.com\/es\/wp-json\/wp\/v2\/media?parent=28"}],"curies":[{"name":"wp","href":"https:\/\/api.w.org\/{rel}","templated":true}]}}