{"id":172,"date":"2016-04-20T16:43:44","date_gmt":"2016-04-20T16:43:44","guid":{"rendered":"http:\/\/www.centredentalcise.com\/info\/?page_id=172"},"modified":"2024-03-02T12:49:46","modified_gmt":"2024-03-02T11:49:46","slug":"politica-de-cookies","status":"publish","type":"page","link":"https:\/\/centredentalcise.com\/es\/politica-de-cookies\/","title":{"rendered":"Pol\u00edtica de cookies"},"content":{"rendered":"<p><\/p>\n<p style=\"text-align: justify;\">Nuestro sitio web utiliza una tecnolog\u00eda llamada \u00ab<strong>cookie<\/strong>\u00ab, con el fin de poder obtener informaci\u00f3n sobre el uso del sitio web, mejorar la experiencia del usuario y garantizar el su correcto funcionamiento.<\/p>\n<h3>Definici\u00f3n de Cookie<\/h3>\n<p style=\"text-align: justify;\">Una \u00ab<strong>cookie<\/strong>\u00bb es un peque\u00f1o fragmento de texto que los sitios web env\u00edan al navegador y que se almacenan en el terminal del usuario, (ordenador o dispositivo m\u00f3vil). Estos archivos tienen la finalidad de almacenar datos que podr\u00e1n ser actualizados y recuperadas por la entidad responsable de su instalaci\u00f3n. As\u00ed, cada vez que el usuario vuelve a visitar el mismo sitio web, el explorador recupera el archivo y lo env\u00eda al servidor del sitio web. Las cookies tienen varias funciones entre las que se incluyen, la de recoger informaci\u00f3n sobre las preferencias del usuario y recordarla, y en general, facilitar el uso del sitio web al usuario haciendo que el sitio sea m\u00e1s \u00fatil al personalizar su contenido.<\/p>\n<h3>Tipos de cookies<\/h3>\n<p>Las cookies se pueden clasificar en base a diferentes par\u00e1metros:<\/p>\n<p style=\"text-align: justify;\"><strong>Titularidad:<\/strong> cookies propias y cookies de terceros: dependiendo de cu\u00e1l sea la entidad que gestione el dominio desde donde se env\u00edan las cookies y se traten los datos que se obtengan.<\/p>\n<p style=\"text-align: justify;\"><strong>Duraci\u00f3n:<\/strong> cookies de sesi\u00f3n y cookies persistentes<u>:<\/u> de acuerdo con el plazo de tiempo que permanecen almacenadas en el terminal del usuario.<\/p>\n<p style=\"text-align: justify;\"><strong> Finalidad:<\/strong> cookies t\u00e9cnicas, cookies de personalizaci\u00f3n, cookies de an\u00e1lisis, cookies publicitarias, cookies de publicidad comportamental<u>,<\/u> de acuerdo con la finalidad para la que se traten los datos obtenidos.<\/p>\n<ul>\n<li style=\"text-align: justify;\"><strong>Cookies t\u00e9cnicas:<\/strong> Son aquellas que permiten al usuario la navegaci\u00f3n a trav\u00e9s de la p\u00e1gina web o aplicaci\u00f3n y la utilizaci\u00f3n de las diferentes opciones o servicios que en ella existen. Por ejemplo, controlar el tr\u00e1fico y la comunicaci\u00f3n de datos, identificar la sesi\u00f3n o acceder a las partes web de acceso restringido.<\/li>\n<li style=\"text-align: justify;\"><strong>Cookies de personalizaci\u00f3n:<\/strong> Son aquellas que permiten al usuario acceder al servicio con algunas caracter\u00edsticas de car\u00e1cter general predefinidas en su terminal o que el propio usuario defina. Por ejemplo, el idioma, el tipo de navegador a trav\u00e9s del cual accede al servicio o el dise\u00f1o de contenidos seleccionado.<\/li>\n<li style=\"text-align: justify;\"><strong>Cookies de an\u00e1lisis:<\/strong> Son aquellas que o bien tratadas por nosotros o por terceros, nos permiten cuantificar el n\u00famero de usuarios y as\u00ed realizar el an\u00e1lisis estad\u00edstico de la utilizaci\u00f3n que hacen los usuarios del servicio ofrecido. Para ello se analiza su navegaci\u00f3n en nuestra p\u00e1gina web para mejorar la oferta de productos o servicios que le ofrecemos.<\/li>\n<li style=\"text-align: justify;\"><strong>Cookies publicitarias:<\/strong> Son aquellas que permiten la gesti\u00f3n, de la forma m\u00e1s eficaz posible, los espacios publicitarios que, en su caso, el editor haya incluido en una p\u00e1gina web, aplicaci\u00f3n o plataforma desde la que presta el servicio solicitado sobre la base de criterios como el contenido editado o la frecuencia en a que se muestran los anuncios.<\/li>\n<li style=\"text-align: justify;\"><strong>Cookies de publicidad comportamental:<\/strong> Son aquellas que permiten la gesti\u00f3n, de la manera m\u00e1s eficaz posible, de los espacios publicitarios que, en su caso, el editor haya incluido en una p\u00e1gina web, aplicaci\u00f3n o plataforma desde la que presta el servicio solicitado. Estas cookies almacenan informaci\u00f3n del comportamiento de los usuarios obtenida a trav\u00e9s de la observaci\u00f3n continuada de sus h\u00e1bitos de navegaci\u00f3n, lo que permite desarrollar un perfil espec\u00edfico para mostrar publicidad en funci\u00f3n del mismo.<\/li>\n<\/ul>\n<h3 style=\"text-align: justify;\">Cookies utilizadas en nuestro sitio web<\/h3>\n<p style=\"text-align: justify;\">Nuestro sitio web utiliza tanto <strong>cookies propias<\/strong>, que son las enviadas a su ordenador y gestionadas exclusivamente por nosotros para el mejor funcionamiento del sitio web, como <strong>cookies de terceros<\/strong>, con la funci\u00f3n de servir para la interacci\u00f3n de los usuarios con nosotros. No utilizamos ninguna cookie, para el tratamiento de datos personales, que permitan la identificaci\u00f3n de personas f\u00edsicas concretas.<\/p>\n<p style=\"text-align: justify;\">Las cookies propias que utilizamos en nuestro sitio web son de car\u00e1cter t\u00e9cnico referentes a la programaci\u00f3n y la seguridad de la navegaci\u00f3n, fundamentales para el funcionamiento de la web, y tambi\u00e9n de personalizaci\u00f3n para recordar la elecci\u00f3n del idioma de navegaci\u00f3n.<\/p>\n<p style=\"text-align: justify;\">Nuestro sitio utiliza tanto <strong>cookies temporales<\/strong> de sesi\u00f3n como <strong>cookies persistentes<\/strong>. Las cookies de sesi\u00f3n almacenan datos \u00fanicamente mientras el usuario accede a la web y las cookies persistentes almacenan los datos en el terminal para que sean accedidas y utilizadas en m\u00e1s de una sesi\u00f3n.<\/p>\n<p style=\"text-align: justify;\">Tambi\u00e9n se utilizan <strong>cookies de complemento<\/strong> (plug-in) para intercambiar contenidos sociales.<\/p>\n<h4 style=\"text-align: center;\">Listado de cookies utilizadas en nuestra web<\/h4>\n<table class=\"wt-cli-element cookielawinfo-classic cookielawinfo-row-cat-table\"><thead><tr><th scope=\"col\" class=\"cookielawinfo-column-1\">Cookie<\/th><th scope=\"col\" class=\"cookielawinfo-column-2\">Type<\/th><th scope=\"col\" class=\"cookielawinfo-column-3\">Duration<\/th><th scope=\"col\" class=\"cookielawinfo-column-4\">Description<\/th><\/thead><tbody><tr class=\"cookielawinfo-row-cat-title\"><th colspan=\"4\" class=\"cookielawinfo-row-cat-title-head\">T\u00e9cnicas<\/th><\/tr><tr class=\"cookielawinfo-row\"><td class=\"cookielawinfo-column-1\">CookieLawInfoConsent<\/td><td class=\"cookielawinfo-column-2\"><\/td><td class=\"cookielawinfo-column-3\">1 a\u00f1o<\/td><td class=\"cookielawinfo-column-4\">Guarda el estado del bot\u00f3n predeterminado de la categor\u00eda correspondiente. Solo funciona en coordinaci\u00f3n con la cookie principal.<\/td><\/tr><tr class=\"cookielawinfo-row\"><td class=\"cookielawinfo-column-1\">elementor<\/td><td class=\"cookielawinfo-column-2\"><\/td><td class=\"cookielawinfo-column-3\">Permanente<\/td><td class=\"cookielawinfo-column-4\">Esta cookie es utilizada por el tema de WordPress del sitio web. Permite al propietario del sitio web implementar o cambiar el contenido del sitio web en tiempo real.<\/td><\/tr><tr class=\"cookielawinfo-row\"><td class=\"cookielawinfo-column-1\">cookielawinfo-checkbox-preferencies<\/td><td class=\"cookielawinfo-column-2\">0<\/td><td class=\"cookielawinfo-column-3\">1 a\u00f1o<\/td><td class=\"cookielawinfo-column-4\">Esta cookie est\u00e1 configurada por el complemento de consentimiento de cookies de GDPR. Las cookies se utilizan para almacenar el consentimiento del usuario para las cookies en la categor\u00eda \"Preferencias\".<\/td><\/tr><tr class=\"cookielawinfo-row\"><td class=\"cookielawinfo-column-1\">cookielawinfo-checkbox-analytics<\/td><td class=\"cookielawinfo-column-2\">0<\/td><td class=\"cookielawinfo-column-3\">1 a\u00f1o<\/td><td class=\"cookielawinfo-column-4\">Esta cookie est\u00e1 configurada por el complemento de consentimiento de cookies de GDPR. Las cookies se utilizan para almacenar el consentimiento del usuario para las cookies en la categor\u00eda \"Analyitcs\".<\/td><\/tr><tr class=\"cookielawinfo-row\"><td class=\"cookielawinfo-column-1\">cookielawinfo-checkbox-performance<\/td><td class=\"cookielawinfo-column-2\">0<\/td><td class=\"cookielawinfo-column-3\">1 a\u00f1o<\/td><td class=\"cookielawinfo-column-4\">Esta cookie est\u00e1 configurada por el complemento de consentimiento de cookies de GDPR. Las cookies se utilizan para almacenar el consentimiento del usuario para las cookies en la categor\u00eda \"Performance\".<\/td><\/tr><tr class=\"cookielawinfo-row\"><td class=\"cookielawinfo-column-1\">cookielawinfo-checkbox-advertisement<\/td><td class=\"cookielawinfo-column-2\">0<\/td><td class=\"cookielawinfo-column-3\">1 a\u00f1o<\/td><td class=\"cookielawinfo-column-4\">Esta cookie est\u00e1 configurada por el complemento de consentimiento de cookies de GDPR. Las cookies se utilizan para almacenar el consentimiento del usuario para las cookies en la categor\u00eda \"Advertisement\".<\/td><\/tr><tr class=\"cookielawinfo-row\"><td class=\"cookielawinfo-column-1\">viewed_cookie_ policy<\/td><td class=\"cookielawinfo-column-2\">0<\/td><td class=\"cookielawinfo-column-3\">11 meses<\/td><td class=\"cookielawinfo-column-4\">La cookie est\u00e1 configurada por el complemento de consentimiento de cookies de GDPR y se utiliza para almacenar si el usuario ha dado su consentimiento o no para el uso de cookies. No almacena ning\u00fan dato personal.<\/td><\/tr><tr class=\"cookielawinfo-row\"><td class=\"cookielawinfo-column-1\">cookielawinfo-checkbox-necessary<\/td><td class=\"cookielawinfo-column-2\">0<\/td><td class=\"cookielawinfo-column-3\">11 meses<\/td><td class=\"cookielawinfo-column-4\">Esta cookie est\u00e1 configurada por el complemento de consentimiento de cookies de GDPR. Las cookies se utilizan para almacenar el consentimiento del usuario para las cookies en la categor\u00eda \"Necesarias\".<\/td><\/tr><tr class=\"cookielawinfo-row\"><td class=\"cookielawinfo-column-1\">cookielawinfo-checkbox-non-necessary<\/td><td class=\"cookielawinfo-column-2\">0<\/td><td class=\"cookielawinfo-column-3\">11 meses<\/td><td class=\"cookielawinfo-column-4\">Esta cookie est\u00e1 configurada por el complemento de consentimiento de cookies de GDPR. Se utiliza para almacenar el consentimiento del usuario para las cookies en la categor\u00eda \"No necesarias\".<\/td><\/tr><tr class=\"cookielawinfo-row-cat-title\"><th colspan=\"4\" class=\"cookielawinfo-row-cat-title-head\">Preferencias<\/th><\/tr><tr class=\"cookielawinfo-row\"><td class=\"cookielawinfo-column-1\">qtrans_front_ language<\/td><td class=\"cookielawinfo-column-2\">0<\/td><td class=\"cookielawinfo-column-3\">1 a\u00f1o<\/td><td class=\"cookielawinfo-column-4\">Determina el idioma preferido por el visitante. Permite a la web establecer el idioma preferido en el reingreso del visitante.<\/td><\/tr><tr class=\"cookielawinfo-row-cat-title\"><th colspan=\"4\" class=\"cookielawinfo-row-cat-title-head\">Rendimiento<\/th><\/tr><tr class=\"cookielawinfo-row\"><td class=\"cookielawinfo-column-1\">_gat<\/td><td class=\"cookielawinfo-column-2\">0<\/td><td class=\"cookielawinfo-column-3\">1 minuto<\/td><td class=\"cookielawinfo-column-4\">Esta cookie es instalada por Google Universal Analytics para acelerar la tasa de solicitud y limitar la recopilaci\u00f3n de datos en sitios de alto tr\u00e1fico.<\/td><\/tr><tr class=\"cookielawinfo-row\"><td class=\"cookielawinfo-column-1\">YSC<\/td><td class=\"cookielawinfo-column-2\">1<\/td><td class=\"cookielawinfo-column-3\">Sesi\u00f3n<\/td><td class=\"cookielawinfo-column-4\">Youtube establece esta cookie y se utiliza para rastrear las vistas de videos incrustados.<\/td><\/tr><tr class=\"cookielawinfo-row-cat-title\"><th colspan=\"4\" class=\"cookielawinfo-row-cat-title-head\">Anal\u00edticas<\/th><\/tr><tr class=\"cookielawinfo-row\"><td class=\"cookielawinfo-column-1\">_gat_gtag_UA_ 128684775_1<\/td><td class=\"cookielawinfo-column-2\"><\/td><td class=\"cookielawinfo-column-3\">1 minuto<\/td><td class=\"cookielawinfo-column-4\">Google establece esta cookie y se utiliza para distinguir a los usuarios.<\/td><\/tr><tr class=\"cookielawinfo-row\"><td class=\"cookielawinfo-column-1\">CONSENT<\/td><td class=\"cookielawinfo-column-2\"><\/td><td class=\"cookielawinfo-column-3\">Permanente<\/td><td class=\"cookielawinfo-column-4\">Esta cookie contiene informaci\u00f3n sobre c\u00f3mo el usuario final utiliza el sitio web y cualquier publicidad que el usuario final haya visto antes de visitar este sitio web.<\/td><\/tr><tr class=\"cookielawinfo-row\"><td class=\"cookielawinfo-column-1\">sb<\/td><td class=\"cookielawinfo-column-2\">1<\/td><td class=\"cookielawinfo-column-3\">2 a\u00f1os<\/td><td class=\"cookielawinfo-column-4\">Cookie necesaria para el complemento social de <strong>Facebook<\/strong>. Esta cookie se establece cuando se da consentimiento expl\u00edcito y el usuario est\u00e1 conectado a Facebook.<\/td><\/tr><tr class=\"cookielawinfo-row\"><td class=\"cookielawinfo-column-1\">_ga<\/td><td class=\"cookielawinfo-column-2\">0<\/td><td class=\"cookielawinfo-column-3\">2 a\u00f1os<\/td><td class=\"cookielawinfo-column-4\">Esta cookie es instalada por Google Analytics. Se utiliza para calcular los datos de visitantes, sesiones, campa\u00f1as y realizar un seguimiento del uso del sitio para el informe de an\u00e1lisis del sitio. Las cookies almacenan informaci\u00f3n de forma an\u00f3nima y asignan un n\u00famero generado aleatorio para identificar visitantes \u00fanicos.<\/td><\/tr><tr class=\"cookielawinfo-row\"><td class=\"cookielawinfo-column-1\">_gid<\/td><td class=\"cookielawinfo-column-2\">0<\/td><td class=\"cookielawinfo-column-3\">1 d\u00eda<\/td><td class=\"cookielawinfo-column-4\">Esta cookie es instalada por Google Analytics. Se utiliza para almacenar informaci\u00f3n sobre c\u00f3mo los visitantes usan un sitio web y ayuda a crear un informe anal\u00edtico de c\u00f3mo est\u00e1 funcionando el sitio web. Los datos recopilados, incluido el n\u00famero de visitantes, la fuente de donde provienen y las p\u00e1ginas, se muestran de forma an\u00f3nima.<\/td><\/tr><tr class=\"cookielawinfo-row\"><td class=\"cookielawinfo-column-1\">GPS<\/td><td class=\"cookielawinfo-column-2\">0<\/td><td class=\"cookielawinfo-column-3\">30 minutos<\/td><td class=\"cookielawinfo-column-4\">Youtube establece esta cookie y registra una identificaci\u00f3n \u00fanica para rastrear a los usuarios seg\u00fan su ubicaci\u00f3n geogr\u00e1fica.<\/td><\/tr><tr class=\"cookielawinfo-row-cat-title\"><th colspan=\"4\" class=\"cookielawinfo-row-cat-title-head\">Funcionales<\/th><\/tr><tr class=\"cookielawinfo-row\"><td class=\"cookielawinfo-column-1\">_lscache_vary<\/td><td class=\"cookielawinfo-column-2\"><\/td><td class=\"cookielawinfo-column-3\">2 d\u00edas<\/td><td class=\"cookielawinfo-column-4\">Litespeed configura esta cookie para prevenir las p\u00e1ginas almacenadas en cach\u00e9.<\/td><\/tr><tr class=\"cookielawinfo-row-cat-title\"><th colspan=\"4\" class=\"cookielawinfo-row-cat-title-head\">Publicidad<\/th><\/tr><tr class=\"cookielawinfo-row\"><td class=\"cookielawinfo-column-1\">VISITOR_PRIVACY_METADATA<\/td><td class=\"cookielawinfo-column-2\"><\/td><td class=\"cookielawinfo-column-3\">6 meses<\/td><td class=\"cookielawinfo-column-4\">YouTube configura esta cookie para almacenar el estado de consentimiento de cookies del usuario para el dominio actual.<\/td><\/tr><tr class=\"cookielawinfo-row\"><td class=\"cookielawinfo-column-1\">yt-remote-device-id<\/td><td class=\"cookielawinfo-column-2\"><\/td><td class=\"cookielawinfo-column-3\">Permanente<\/td><td class=\"cookielawinfo-column-4\">Registra las preferencias del reproductor de v\u00eddeo del usuario al ver v\u00eddeos incrustados de YouTube.<\/td><\/tr><tr class=\"cookielawinfo-row\"><td class=\"cookielawinfo-column-1\">yt.innertube::requests<\/td><td class=\"cookielawinfo-column-2\"><\/td><td class=\"cookielawinfo-column-3\">Permanente<\/td><td class=\"cookielawinfo-column-4\">Esta cookie, establecida por YouTube, registra un identificador \u00fanico para almacenar datos sobre qu\u00e9 v\u00eddeos de YouTube ha visto al usuario.<\/td><\/tr><tr class=\"cookielawinfo-row\"><td class=\"cookielawinfo-column-1\">yt.innertube::nextId<\/td><td class=\"cookielawinfo-column-2\"><\/td><td class=\"cookielawinfo-column-3\">Permanente<\/td><td class=\"cookielawinfo-column-4\">Esta cookie, establecida por YouTube, registra un identificador \u00fanico para almacenar datos sobre qu\u00e9 v\u00eddeos de YouTube ha visto al usuario.<\/td><\/tr><tr class=\"cookielawinfo-row\"><td class=\"cookielawinfo-column-1\">yt-remote-connected-devices<\/td><td class=\"cookielawinfo-column-2\"><\/td><td class=\"cookielawinfo-column-3\">Permanente<\/td><td class=\"cookielawinfo-column-4\">Registra las preferencias del reproductor de v\u00eddeo del usuario al ver v\u00eddeos incrustados de YouTube.<\/td><\/tr><tr class=\"cookielawinfo-row\"><td class=\"cookielawinfo-column-1\">fr<\/td><td class=\"cookielawinfo-column-2\">1<\/td><td class=\"cookielawinfo-column-3\">2 meses<\/td><td class=\"cookielawinfo-column-4\"><strong>Facebook<\/strong> configura la cookie para mostrar anuncios relevantes a los usuarios y medir y mejorar los anuncios. Tambi\u00e9n rastrea el comportamiento del usuario en la web en sitios que tienen p\u00edxeles de Facebook o complementos sociales de Facebook.<\/td><\/tr><tr class=\"cookielawinfo-row\"><td class=\"cookielawinfo-column-1\">NID<\/td><td class=\"cookielawinfo-column-2\">1<\/td><td class=\"cookielawinfo-column-3\">6 meses<\/td><td class=\"cookielawinfo-column-4\">Cookie de Google usada para verificar la cuenta de un usuario, almacenar el acceso m\u00e1s reciente a sus servicios y las preferencias del usuario.<\/td><\/tr><tr class=\"cookielawinfo-row\"><td class=\"cookielawinfo-column-1\">VISITOR_INFO1_ LIVE<\/td><td class=\"cookielawinfo-column-2\">1<\/td><td class=\"cookielawinfo-column-3\">5 meses<\/td><td class=\"cookielawinfo-column-4\">Youtube establece esta cookie y se utiliza para rastrear las vistas de videos incrustados.<\/td><\/tr><tr class=\"cookielawinfo-row\"><td class=\"cookielawinfo-column-1\">IDE<\/td><td class=\"cookielawinfo-column-2\">1<\/td><td class=\"cookielawinfo-column-3\">2 a\u00f1os<\/td><td class=\"cookielawinfo-column-4\">Utilizado por Google DoubleClick. Almacena informaci\u00f3n sobre c\u00f3mo el usuario utiliza el sitio web y cualquier otra publicidad antes de visitarlo. Se utiliza para presentar a los usuarios anuncios que les sean relevantes seg\u00fan el perfil de usuario.<\/td><\/tr><tr class=\"cookielawinfo-row-cat-title\"><th colspan=\"4\" class=\"cookielawinfo-row-cat-title-head\">No necesarias<\/th><\/tr><tr class=\"cookielawinfo-row\"><td class=\"cookielawinfo-column-1\">test_cookie<\/td><td class=\"cookielawinfo-column-2\">0<\/td><td class=\"cookielawinfo-column-3\">1 a\u00f1o<\/td><td class=\"cookielawinfo-column-4\">Utilizada para comprobar si el navegador del usuario admite cookies.<\/td><\/tr><\/tbody><\/table>\n<h3>Consentimiento<\/h3>\n<p style=\"text-align: justify;\">El Usuario acepta expresamente, por la utilizaci\u00f3n de este sitio web, el tratamiento de la informaci\u00f3n recabada en la forma y con los fines anteriormente mencionados. Y asimismo reconoce conocer la posibilidad de rechazar el tratamiento de tales datos o informaci\u00f3n rechazando el uso de Cookies mediante la selecci\u00f3n de la configuraci\u00f3n apropiada a tal fin en su navegador. Si bien esta opci\u00f3n de bloqueo de Cookies en su navegador puede no permitirle el uso pleno de todas las funcionalidades del sitio web.<\/p>\n<h3>Retirada del consentimiento<\/h3>\n<p style=\"text-align: justify;\">El usuario podr\u00e1 retirar en cualquier momento su consentimiento relacionado con esta Pol\u00edtica sobre Cookies, para ello tendr\u00e1 que eliminar las cookies almacenadas en su equipo utilizando los ajustes y configuraciones de su navegador de Internet.<\/p>\n<h3>Modificaci\u00f3n de la configuraci\u00f3n de las cookies<\/h3>\n<p style=\"text-align: justify;\">El usuario puede elegir qu\u00e9 cookies acepta o rechaza desde nuestro <strong>Panel de configuraci\u00f3n de cookies<\/strong>:<\/p>\n<p style=\"text-align: center;\"><a id=\"wt-cli-reject-btn\" tabindex=\"0\" role='button' style=\"margin:5px 5px 5px 5px; border-radius:0; padding:8px 25px 8px 25px;\"  class=\"wt-cli-element medium cli-plugin-button cli-plugin-main-button cookie_action_close_header_reject cli_action_button\"  data-cli_action=\"reject\">RECHAZAR COOKIES<\/a><a id=\"wt-cli-accept-btn\" tabindex=\"0\" role='button' style=\"margin:5px 5px 5px 30px; border-radius:0; padding:8px 25px 8px 25px;\" data-cli_action=\"accept\"  class=\"wt-cli-element medium cli-plugin-button cli-plugin-main-button cookie_action_close_header cli_action_button\" >ACEPTAR COOKIES<\/a><a id=\"wt-cli-settings-btn\" tabindex=\"0\" role='button' style=\"border-bottom:1px solid; text-decoration:none; text-decoration:none;\" class=\"wt-cli-element medium cli-plugin-button cli-plugin-main-button cli_settings_button\" >CONFIGURAR COOKIES<\/a><\/p>\n<p style=\"text-align: justify;\">El hecho de rechazar las cookies no constituye impedimento para poder acceder a los contenidos de este sitio web, aunque el uso de algunos servicios podr\u00e1 ser limitado.<\/p>\n<p style=\"text-align: justify;\">El usuario puede restringir, bloquear o eliminar algunas o todas las cookies instaladas en su equipo mediante la configuraci\u00f3n de las opciones del navegador instalado en su ordenador o dispositivo. Si una vez otorgado el consentimiento para la recepci\u00f3n de cookies, se deseara retirar este, se deber\u00e1n eliminar aquellas almacenadas en el equipo del usuario, a trav\u00e9s de las opciones de los diferentes navegadores. En cada navegador la operativa es diferente:<\/p>\n<ul>\n<li><strong>Internet Explorer:<\/strong> <em>Herramientas &gt; Opciones de Internet &gt; Privacidad &gt; Configuraci\u00f3n<\/em><\/li>\n<li><strong>Firefox:<\/strong> <em>Herramientas &gt; Opciones &gt; Privacidad &gt; Historial &gt; Ajustes personalizados<\/em><\/li>\n<li><strong>Chrome:<\/strong> <em>Configuraci\u00f3n &gt; Mostrar configuraci\u00f3n avanzada &gt; Privacidad &gt; Configuraci\u00f3n de contenido<\/em><\/li>\n<li><strong>Safari:<\/strong> <em>Preferencias &gt; Seguridad<\/em><\/li>\n<li><strong>Opera:<\/strong> <em>Configuraci\u00f3n<\/em><\/li>\n<\/ul>\n<p>Si tiene dudas sobre esta pol\u00edtica de cookies, puede contactar con nosotros: <strong><a href=\"mailto:info@centredentalcise.com\">info@centredentalcise.com<\/a><\/strong><\/p>","protected":false},"excerpt":{"rendered":"<p>Nuestro sitio web utiliza una tecnolog\u00eda llamada \u00abcookie\u00ab, con el fin de poder obtener informaci\u00f3n sobre el uso del sitio web, mejorar la experiencia del usuario y garantizar el su correcto funcionamiento. Definici\u00f3n de Cookie Una \u00abcookie\u00bb es un peque\u00f1o fragmento de texto que los sitios web env\u00edan al navegador y que se almacenan en<br \/><a class=\"moretag\" href=\"https:\/\/centredentalcise.com\/es\/politica-de-cookies\/\">+ Read More<\/a><\/p>\n","protected":false},"author":1,"featured_media":2016,"parent":0,"menu_order":0,"comment_status":"closed","ping_status":"closed","template":"","meta":{"footnotes":""},"class_list":["post-172","page","type-page","status-publish","has-post-thumbnail","hentry"],"_links":{"self":[{"href":"https:\/\/centredentalcise.com\/es\/wp-json\/wp\/v2\/pages\/172","targetHints":{"allow":["GET"]}}],"collection":[{"href":"https:\/\/centredentalcise.com\/es\/wp-json\/wp\/v2\/pages"}],"about":[{"href":"https:\/\/centredentalcise.com\/es\/wp-json\/wp\/v2\/types\/page"}],"author":[{"embeddable":true,"href":"https:\/\/centredentalcise.com\/es\/wp-json\/wp\/v2\/users\/1"}],"replies":[{"embeddable":true,"href":"https:\/\/centredentalcise.com\/es\/wp-json\/wp\/v2\/comments?post=172"}],"version-history":[{"count":0,"href":"https:\/\/centredentalcise.com\/es\/wp-json\/wp\/v2\/pages\/172\/revisions"}],"wp:featuredmedia":[{"embeddable":true,"href":"https:\/\/centredentalcise.com\/es\/wp-json\/wp\/v2\/media\/2016"}],"wp:attachment":[{"href":"https:\/\/centredentalcise.com\/es\/wp-json\/wp\/v2\/media?parent=172"}],"curies":[{"name":"wp","href":"https:\/\/api.w.org\/{rel}","templated":true}]}}