{"id":140,"date":"2016-04-20T08:15:12","date_gmt":"2016-04-20T08:15:12","guid":{"rendered":"http:\/\/www.centredentalcise.com\/info\/?page_id=140"},"modified":"2023-05-19T15:36:35","modified_gmt":"2023-05-19T13:36:35","slug":"equip-tecnic","status":"publish","type":"page","link":"https:\/\/centredentalcise.com\/es\/equip-tecnic\/","title":{"rendered":"Nuestra tecnolog\u00eda"},"content":{"rendered":"\t\t<div data-elementor-type=\"wp-page\" data-elementor-id=\"140\" class=\"elementor elementor-140\" data-elementor-post-type=\"page\">\n\t\t\t\t\t\t<section class=\"elementor-section elementor-top-section elementor-element elementor-element-442c5a6c elementor-section-full_width elementor-section-height-default elementor-section-height-default\" data-id=\"442c5a6c\" data-element_type=\"section\" data-e-type=\"section\">\n\t\t\t\t\t\t<div class=\"elementor-container elementor-column-gap-no\">\n\t\t\t\t\t<div class=\"elementor-column elementor-col-100 elementor-top-column elementor-element elementor-element-79874a55\" data-id=\"79874a55\" data-element_type=\"column\" data-e-type=\"column\">\n\t\t\t<div class=\"elementor-widget-wrap elementor-element-populated\">\n\t\t\t\t\t\t<div class=\"elementor-element elementor-element-8d6ca4c elementor-widget elementor-widget-text-editor\" data-id=\"8d6ca4c\" data-element_type=\"widget\" data-e-type=\"widget\" data-widget_type=\"text-editor.default\">\n\t\t\t\t<div class=\"elementor-widget-container\">\n\t\t\t\t\t\t\t\t\t<p>Con m\u00e1s de 27 a\u00f1os de antig\u00fcedad a la capital de la Alt Empord\u00e0, hace tres a\u00f1os que la <strong>Cl\u00ednica Dental CISE<\/strong> se encuentra en su nuevo emplazamiento: una gran mejora de las instalaciones para poder dar un mejor servicio, mediante una infraestructura que lo convierte en el centro dental m\u00e1s avanzado en implantolog\u00eda y pr\u00f3tesis dental de todo el Alt Empord\u00e0.<\/p><h2>Innovaci\u00f3n<\/h2><h3>Ortopantom\u00f3grafo digital<\/h3><p style=\"text-align: justify;\">Permite im\u00e1genes en color de los maxilares en tres dimensiones, hecho que permite diagnosticar con mucha m\u00e1s precisi\u00f3n las patolog\u00edas y planificar con m\u00e1s rigor el tratamiento de los pacientes. La precisi\u00f3n que muestra este instrumento comporta tener una total seguridad del lugar exacto donde se colocar\u00e1 el implante. Adem\u00e1s, en los campos de la ortodoncia y de la cirug\u00eda dental ofrece una mayor seguridad al saber exactamente los lugares, las formas y los vol\u00famenes donde actuar.<\/p><p style=\"text-align: justify;\">La radiograf\u00eda convencional s\u00f3lo muestra en un \u00fanico plano la tridimensionalidad de los huesos maxilares, en cambio este aparato da un calco exacto de la realidad. Las im\u00e1genes proporcionan la medida precisa del ancho del maxilar, y los cortes tomogr\u00e1ficos permiten localizar el lugar exacto de todas las estructuras delicadas como por ejemplo los nervios o las arterias.<\/p><p style=\"text-align: justify;\">Adem\u00e1s, permite la rotaci\u00f3n de las im\u00e1genes y de una visi\u00f3n cenital, interior e inferior, anterior, posterior y tambi\u00e9n interior, con lo cual el profesional puede conocer la estructura del hueso. Es decir, refleja una gu\u00eda exacta de la composici\u00f3n mineral del hueso. Adem\u00e1s, al ser una t\u00e9cnica digital, la radiaci\u00f3n que recibe el paciente es menor.<\/p><h3>Unidad de sedaci\u00f3n consciente<\/h3><p style=\"text-align: justify;\">La <strong>unidad de sedaci\u00f3n consciente<\/strong> es una herramienta especialmente indicada para aquellos pacientes, mayores de 18 a\u00f1os, a quienes la visita al dentista presupone una presi\u00f3n a\u00f1adida. A tener en cuenta que el Centro Dental CISE es una de las pocas cl\u00ednicas dentales que dispone de este dispositivo que requiere del servicio m\u00e9dico de un especialista.<\/p><p style=\"text-align: justify;\">Se administra mediante la inhalaci\u00f3n conjunta, v\u00eda nasal, de \u00f3xido nitroso y ox\u00edgeno. A los pocos minutos, el paciente queda completamente relajado, sin ning\u00fan contenido residual ni de estr\u00e9s, ni de ansiedad, hecho que le proporciona tranquilidad para poder aceptar cualquier tratamiento de una manera del todo confortable. Es un sistema completamente seguro y sin efectos secundarios, y reversible desde el momento que se deja de inhalar. Un minuto despu\u00e9s, el paciente puede marchar a casa, ya sea andando o conduciendo.<\/p><h3>Mini implantes dentales<\/h3><p style=\"text-align: justify;\">Una t\u00e9cnica que tampoco se encuentra en ning\u00fan otro centro de la comarca, y que por tanto es exclusiva del Centro Cise es la que hace referencia a los <strong>mini implantes dentales<\/strong>. Una odontolog\u00eda espec\u00edfica para aquellos pacientes mayores de 65 a\u00f1os. Dentro del campo de esta tecnolog\u00eda, destaca la diversificaci\u00f3n de implantes diferentes en que trabajan, tanto en marcas como dise\u00f1os. Esto proporciona una gran ventaja: escoger el mejor implante en cada caso.<\/p><p style=\"text-align: justify;\">Cada paciente tiene unas caracter\u00edsticas bucales diferentes que requieren soluciones diferentes. La elecci\u00f3n viene determinada por un an\u00e1lisis personalizado del paciente.<\/p><p style=\"text-align: justify;\">Son tambi\u00e9n \u00fanicos en Figueres en la metodolog\u00eda del trabajo de implantes y su diversidad: convencionales, de dos fases, monobloc, de carga inmediata, ultracortos, flexibles y mini implantes dentales.<\/p><p style=\"text-align: justify;\">Estos \u00faltimos forman parte de una especialidad llamada gerontolog\u00eda odontol\u00f3gica, particularmente indicada para los pacientes de m\u00e1s de 65 a\u00f1os, y que en los \u00faltimos a\u00f1os va tomando cada vez m\u00e1s importancia a medida que la pir\u00e1mide de poblaci\u00f3n aumenta. En estas edades no es nada conveniente tratamientos extremadamente agresivos, por lo cual es imprescindible una odontolog\u00eda m\u00ednimamente invasiva, y aqu\u00ed es cuando aparecen los mini implantes dentales apropiados para aquellos casos en que el paciente trae una dentadura postiza de quita y pon que se mueve y provoca llagas. Con la colocaci\u00f3n de los mini implantes se pueden sujetar aquellas pr\u00f3tesis, a pesar de que la cantidad de hueso sea m\u00ednima, con una mejora total en la calidad de vida del paciente.<\/p>\t\t\t\t\t\t\t\t<\/div>\n\t\t\t\t<\/div>\n\t\t\t\t\t<\/div>\n\t\t<\/div>\n\t\t\t\t\t<\/div>\n\t\t<\/section>\n\t\t\t\t<section class=\"elementor-section elementor-top-section elementor-element elementor-element-14c6d06 elementor-section-full_width elementor-section-height-default elementor-section-height-default\" data-id=\"14c6d06\" data-element_type=\"section\" data-e-type=\"section\">\n\t\t\t\t\t\t<div class=\"elementor-container elementor-column-gap-no\">\n\t\t\t\t\t<div class=\"elementor-column elementor-col-100 elementor-top-column elementor-element elementor-element-9215e67\" data-id=\"9215e67\" data-element_type=\"column\" data-e-type=\"column\">\n\t\t\t<div class=\"elementor-widget-wrap elementor-element-populated\">\n\t\t\t\t\t\t<div class=\"elementor-element elementor-element-6a0fd73 elementor-arrows-position-inside elementor-widget elementor-widget-image-carousel\" data-id=\"6a0fd73\" data-element_type=\"widget\" data-e-type=\"widget\" data-settings=\"{&quot;slides_to_show&quot;:&quot;1&quot;,&quot;navigation&quot;:&quot;arrows&quot;,&quot;pause_on_hover&quot;:&quot;no&quot;,&quot;pause_on_interaction&quot;:&quot;no&quot;,&quot;effect&quot;:&quot;fade&quot;,&quot;autoplay&quot;:&quot;yes&quot;,&quot;autoplay_speed&quot;:5000,&quot;infinite&quot;:&quot;yes&quot;,&quot;speed&quot;:500}\" data-widget_type=\"image-carousel.default\">\n\t\t\t\t<div class=\"elementor-widget-container\">\n\t\t\t\t\t\t\t<div class=\"elementor-image-carousel-wrapper swiper\" role=\"region\" aria-roledescription=\"carousel\" aria-label=\"Carrusel de im\u00e1genes\" dir=\"ltr\">\n\t\t\t<div class=\"elementor-image-carousel swiper-wrapper\" aria-live=\"off\">\n\t\t\t\t\t\t\t\t<div class=\"swiper-slide\" role=\"group\" aria-roledescription=\"slide\" aria-label=\"1 de 7\"><figure class=\"swiper-slide-inner\"><img decoding=\"async\" class=\"swiper-slide-image\" src=\"https:\/\/centredentalcise.com\/wp-content\/uploads\/2020\/12\/Centre-Dental-Cise-Tecnologia-1.jpg\" alt=\"\" \/><\/figure><\/div><div class=\"swiper-slide\" role=\"group\" aria-roledescription=\"slide\" aria-label=\"2 de 7\"><figure class=\"swiper-slide-inner\"><img decoding=\"async\" class=\"swiper-slide-image\" src=\"https:\/\/centredentalcise.com\/wp-content\/uploads\/2020\/12\/Centre-Dental-Cise-Tecnologia-2.jpg\" alt=\"\" \/><\/figure><\/div><div class=\"swiper-slide\" role=\"group\" aria-roledescription=\"slide\" aria-label=\"3 de 7\"><figure class=\"swiper-slide-inner\"><img decoding=\"async\" class=\"swiper-slide-image\" src=\"https:\/\/centredentalcise.com\/wp-content\/uploads\/2020\/12\/Centre-Dental-Cise-Tecnologia-6.jpg\" alt=\"\" \/><\/figure><\/div><div class=\"swiper-slide\" role=\"group\" aria-roledescription=\"slide\" aria-label=\"4 de 7\"><figure class=\"swiper-slide-inner\"><img decoding=\"async\" class=\"swiper-slide-image\" src=\"https:\/\/centredentalcise.com\/wp-content\/uploads\/2020\/12\/Centre-Dental-Cise-Tecnologia-5.jpg\" alt=\"\" \/><\/figure><\/div><div class=\"swiper-slide\" role=\"group\" aria-roledescription=\"slide\" aria-label=\"5 de 7\"><figure class=\"swiper-slide-inner\"><img decoding=\"async\" class=\"swiper-slide-image\" src=\"https:\/\/centredentalcise.com\/wp-content\/uploads\/2020\/12\/Centre-Dental-Cise-Tecnologia-4.jpg\" alt=\"\" \/><\/figure><\/div><div class=\"swiper-slide\" role=\"group\" aria-roledescription=\"slide\" aria-label=\"6 de 7\"><figure class=\"swiper-slide-inner\"><img decoding=\"async\" class=\"swiper-slide-image\" src=\"https:\/\/centredentalcise.com\/wp-content\/uploads\/2020\/12\/Centre-Dental-Cise-Tecnologia-3.jpg\" alt=\"\" \/><\/figure><\/div><div class=\"swiper-slide\" role=\"group\" aria-roledescription=\"slide\" aria-label=\"7 de 7\"><figure class=\"swiper-slide-inner\"><img decoding=\"async\" class=\"swiper-slide-image\" src=\"https:\/\/centredentalcise.com\/wp-content\/uploads\/2020\/12\/Centre-Dental-Cise-Tecnologia-7.jpg\" alt=\"\" \/><\/figure><\/div>\t\t\t<\/div>\n\t\t\t\t\t\t\t\t\t\t\t\t<div class=\"elementor-swiper-button elementor-swiper-button-prev\" role=\"button\" tabindex=\"0\">\n\t\t\t\t\t\t<i aria-hidden=\"true\" class=\"eicon-chevron-left\"><\/i>\t\t\t\t\t<\/div>\n\t\t\t\t\t<div class=\"elementor-swiper-button elementor-swiper-button-next\" role=\"button\" tabindex=\"0\">\n\t\t\t\t\t\t<i aria-hidden=\"true\" class=\"eicon-chevron-right\"><\/i>\t\t\t\t\t<\/div>\n\t\t\t\t\n\t\t\t\t\t\t\t\t\t<\/div>\n\t\t\t\t\t\t<\/div>\n\t\t\t\t<\/div>\n\t\t\t\t\t<\/div>\n\t\t<\/div>\n\t\t\t\t\t<\/div>\n\t\t<\/section>\n\t\t\t\t<\/div>\n\t\t","protected":false},"excerpt":{"rendered":"<p>Con m\u00e1s de 27 a\u00f1os de antig\u00fcedad a la capital de la Alt Empord\u00e0, hace tres a\u00f1os que la Cl\u00ednica Dental CISE se encuentra en su nuevo emplazamiento: una gran mejora de las instalaciones para poder dar un mejor servicio, mediante una infraestructura que lo convierte en el centro dental m\u00e1s avanzado en implantolog\u00eda y<br \/><a class=\"moretag\" href=\"https:\/\/centredentalcise.com\/es\/equip-tecnic\/\">+ Read More<\/a><\/p>\n","protected":false},"author":1,"featured_media":1934,"parent":0,"menu_order":0,"comment_status":"closed","ping_status":"closed","template":"","meta":{"footnotes":""},"class_list":["post-140","page","type-page","status-publish","has-post-thumbnail","hentry"],"_links":{"self":[{"href":"https:\/\/centredentalcise.com\/es\/wp-json\/wp\/v2\/pages\/140","targetHints":{"allow":["GET"]}}],"collection":[{"href":"https:\/\/centredentalcise.com\/es\/wp-json\/wp\/v2\/pages"}],"about":[{"href":"https:\/\/centredentalcise.com\/es\/wp-json\/wp\/v2\/types\/page"}],"author":[{"embeddable":true,"href":"https:\/\/centredentalcise.com\/es\/wp-json\/wp\/v2\/users\/1"}],"replies":[{"embeddable":true,"href":"https:\/\/centredentalcise.com\/es\/wp-json\/wp\/v2\/comments?post=140"}],"version-history":[{"count":0,"href":"https:\/\/centredentalcise.com\/es\/wp-json\/wp\/v2\/pages\/140\/revisions"}],"wp:featuredmedia":[{"embeddable":true,"href":"https:\/\/centredentalcise.com\/es\/wp-json\/wp\/v2\/media\/1934"}],"wp:attachment":[{"href":"https:\/\/centredentalcise.com\/es\/wp-json\/wp\/v2\/media?parent=140"}],"curies":[{"name":"wp","href":"https:\/\/api.w.org\/{rel}","templated":true}]}}