{"id":1103,"date":"2017-02-09T22:01:27","date_gmt":"2017-02-09T22:01:27","guid":{"rendered":"http:\/\/www.centredentalcise.com\/info\/?page_id=1103"},"modified":"2023-05-19T16:48:46","modified_gmt":"2023-05-19T14:48:46","slug":"laboratori","status":"publish","type":"page","link":"https:\/\/centredentalcise.com\/es\/laboratori\/","title":{"rendered":"Laboratorio dental"},"content":{"rendered":"\t\t<div data-elementor-type=\"wp-page\" data-elementor-id=\"1103\" class=\"elementor elementor-1103\" data-elementor-post-type=\"page\">\n\t\t\t\t\t\t<section class=\"elementor-section elementor-top-section elementor-element elementor-element-f80e57 elementor-section-full_width elementor-section-height-default elementor-section-height-default\" data-id=\"f80e57\" data-element_type=\"section\" data-e-type=\"section\">\n\t\t\t\t\t\t<div class=\"elementor-container elementor-column-gap-no\">\n\t\t\t\t\t<div class=\"elementor-column elementor-col-100 elementor-top-column elementor-element elementor-element-7ea525c3\" data-id=\"7ea525c3\" data-element_type=\"column\" data-e-type=\"column\">\n\t\t\t<div class=\"elementor-widget-wrap elementor-element-populated\">\n\t\t\t\t\t\t<div class=\"elementor-element elementor-element-37421e8 elementor-widget elementor-widget-heading\" data-id=\"37421e8\" data-element_type=\"widget\" data-e-type=\"widget\" data-widget_type=\"heading.default\">\n\t\t\t\t<div class=\"elementor-widget-container\">\n\t\t\t\t\t<h2 class=\"elementor-heading-title elementor-size-default\">De la m\u00e0 del prot\u00e8tic dental\u2026 Joan Losilla Laboratori Dental<\/h2>\t\t\t\t<\/div>\n\t\t\t\t<\/div>\n\t\t\t\t<div class=\"elementor-element elementor-element-18e4013e elementor-widget elementor-widget-text-editor\" data-id=\"18e4013e\" data-element_type=\"widget\" data-e-type=\"widget\" data-widget_type=\"text-editor.default\">\n\t\t\t\t<div class=\"elementor-widget-container\">\n\t\t\t\t\t\t\t\t\t<p>L&#8217;encarregat de dissenyar, elaborar, fabricar i adaptar les diferents pr\u00f2tesis dentals, \u00e9s el prot\u00e8tic dental, qui realitza el seu treball a un laboratori dental rebent les indicacions de l&#8217;odont\u00f2leg, que treballa a la cl\u00ednica.<\/p>\t\t\t\t\t\t\t\t<\/div>\n\t\t\t\t<\/div>\n\t\t\t\t<section class=\"elementor-section elementor-inner-section elementor-element elementor-element-2908e4a elementor-section-full_width elementor-reverse-mobile elementor-section-height-default elementor-section-height-default\" data-id=\"2908e4a\" data-element_type=\"section\" data-e-type=\"section\">\n\t\t\t\t\t\t<div class=\"elementor-container elementor-column-gap-no\">\n\t\t\t\t\t<div class=\"elementor-column elementor-col-50 elementor-inner-column elementor-element elementor-element-35efa00\" data-id=\"35efa00\" data-element_type=\"column\" data-e-type=\"column\">\n\t\t\t<div class=\"elementor-widget-wrap elementor-element-populated\">\n\t\t\t\t\t\t<div class=\"elementor-element elementor-element-7121faa elementor-widget elementor-widget-image\" data-id=\"7121faa\" data-element_type=\"widget\" data-e-type=\"widget\" data-widget_type=\"image.default\">\n\t\t\t\t<div class=\"elementor-widget-container\">\n\t\t\t\t\t\t\t\t\t\t\t\t\t\t\t<img fetchpriority=\"high\" decoding=\"async\" width=\"600\" height=\"372\" src=\"https:\/\/centredentalcise.com\/wp-content\/uploads\/2017\/02\/Joan-Losilla-Laboratori-dental.jpg\" class=\"attachment-large size-large wp-image-1976\" alt=\"Joan Losilla - Laboratori dental\" srcset=\"https:\/\/centredentalcise.com\/wp-content\/uploads\/2017\/02\/Joan-Losilla-Laboratori-dental.jpg 600w, https:\/\/centredentalcise.com\/wp-content\/uploads\/2017\/02\/Joan-Losilla-Laboratori-dental-150x93.jpg 150w, https:\/\/centredentalcise.com\/wp-content\/uploads\/2017\/02\/Joan-Losilla-Laboratori-dental-300x186.jpg 300w\" sizes=\"(max-width: 600px) 100vw, 600px\" \/>\t\t\t\t\t\t\t\t\t\t\t\t\t\t\t<\/div>\n\t\t\t\t<\/div>\n\t\t\t\t\t<\/div>\n\t\t<\/div>\n\t\t\t\t<div class=\"elementor-column elementor-col-50 elementor-inner-column elementor-element elementor-element-a2e38a1\" data-id=\"a2e38a1\" data-element_type=\"column\" data-e-type=\"column\">\n\t\t\t<div class=\"elementor-widget-wrap elementor-element-populated\">\n\t\t\t\t\t\t<div class=\"elementor-element elementor-element-96ec2ae elementor-widget elementor-widget-text-editor\" data-id=\"96ec2ae\" data-element_type=\"widget\" data-e-type=\"widget\" data-widget_type=\"text-editor.default\">\n\t\t\t\t<div class=\"elementor-widget-container\">\n\t\t\t\t\t\t\t\t\t<p>Fundat a principis dels anys 70 per <strong>Juan Losilla<\/strong>, col\u00b7legiat n\u00fam.2 del Col\u00b7legi de Prot\u00e8tics Dentals de Catalunya, qui va ser <strong>President de la Federaci\u00f3 Espanyola de Prot\u00e9sicos Dentals durant gaireb\u00e9 30 anys<\/strong>, <strong>JOAN LOSILLA Laboratori Dental<\/strong> \u00e9s un laboratori prot\u00e8tic amb <strong>m\u00e9s de 40 anys d&#8217;experi\u00e8ncia<\/strong> en el sector dental, permetent aix\u00ed oferir als nostres pacients la m\u00e0xima qualitat en tots els seus treballs.<\/p>\t\t\t\t\t\t\t\t<\/div>\n\t\t\t\t<\/div>\n\t\t\t\t\t<\/div>\n\t\t<\/div>\n\t\t\t\t\t<\/div>\n\t\t<\/section>\n\t\t\t\t<div class=\"elementor-element elementor-element-350df0a elementor-widget elementor-widget-heading\" data-id=\"350df0a\" data-element_type=\"widget\" data-e-type=\"widget\" data-widget_type=\"heading.default\">\n\t\t\t\t<div class=\"elementor-widget-container\">\n\t\t\t\t\t<h3 class=\"elementor-heading-title elementor-size-default\">Pr\u00f2tesi dental: una pe\u00e7a artesanal a la seva mida<\/h3>\t\t\t\t<\/div>\n\t\t\t\t<\/div>\n\t\t\t\t<div class=\"elementor-element elementor-element-bffd66f elementor-widget elementor-widget-text-editor\" data-id=\"bffd66f\" data-element_type=\"widget\" data-e-type=\"widget\" data-widget_type=\"text-editor.default\">\n\t\t\t\t<div class=\"elementor-widget-container\">\n\t\t\t\t\t\t\t\t\t<p>El prot\u00e8tic no busca nom\u00e9s fabricar una pr\u00f2tesi, sin\u00f3 que un dels seus m\u00faltiples objectius \u00e9s retornar a la boca del pacient la funcionalitat perduda. La masticaci\u00f3, la degluci\u00f3, la parla, la fon\u00e8tica, la mec\u00e0nica, la higiene, i l&#8217;est\u00e8tica bucal i facial han de restaurar-se.<\/p><p style=\"text-align: justify;\">El seu treball requereix d&#8217;una gran precisi\u00f3, aix\u00ed com d&#8217;una correcta coordinaci\u00f3 amb la part cl\u00ednica, \u00e9s a dir, amb l&#8217;odont\u00f2leg. Unes poques micres poden influir seriosament en l&#8217;oclusi\u00f3 i per tant en la funcionalitat.<\/p><p style=\"text-align: justify;\">Una pr\u00f2tesi dental \u00e9s una obra d&#8217;art totalment personalitzada i ajustada a una boca concreta, confeccionada \u00edntegrament a mida per a cada pacient, com si d&#8217;un orfebre d&#8217;alta joieria fabricant una joia es tract\u00e9s.<\/p><p>Un prot\u00e8tic dental \u00e9s un sanitari, un artes\u00e0 i un artista.<\/p>\t\t\t\t\t\t\t\t<\/div>\n\t\t\t\t<\/div>\n\t\t\t\t<div class=\"elementor-element elementor-element-483f548 elementor-widget elementor-widget-heading\" data-id=\"483f548\" data-element_type=\"widget\" data-e-type=\"widget\" data-widget_type=\"heading.default\">\n\t\t\t\t<div class=\"elementor-widget-container\">\n\t\t\t\t\t<h3 class=\"elementor-heading-title elementor-size-default\">Centre Dental Cise i Joan Losilla Laboratori dental: un bon equip<\/h3>\t\t\t\t<\/div>\n\t\t\t\t<\/div>\n\t\t\t\t<section class=\"elementor-section elementor-inner-section elementor-element elementor-element-037b8f3 elementor-section-full_width elementor-section-height-default elementor-section-height-default\" data-id=\"037b8f3\" data-element_type=\"section\" data-e-type=\"section\">\n\t\t\t\t\t\t<div class=\"elementor-container elementor-column-gap-no\">\n\t\t\t\t\t<div class=\"elementor-column elementor-col-50 elementor-inner-column elementor-element elementor-element-4be4723\" data-id=\"4be4723\" data-element_type=\"column\" data-e-type=\"column\">\n\t\t\t<div class=\"elementor-widget-wrap elementor-element-populated\">\n\t\t\t\t\t\t<div class=\"elementor-element elementor-element-e6fbdb2 elementor-widget elementor-widget-text-editor\" data-id=\"e6fbdb2\" data-element_type=\"widget\" data-e-type=\"widget\" data-widget_type=\"text-editor.default\">\n\t\t\t\t<div class=\"elementor-widget-container\">\n\t\t\t\t\t\t\t\t\t<p>Darrere d&#8217;una bona cl\u00ednica dental sempre ha d&#8217;haver-hi un bon equip de t\u00e8cnics prot\u00e8tics i ceramistes. Centre Dental Cise col\u00b7labora estretament amb aquest laboratori, ja que es troben al mateix edifici, formant aix\u00ed un equip inseparable. En efecte, la comunicaci\u00f3 pacient-m\u00e8dic-prot\u00e8tic \u00e9s clau per obtenir resultats completament satisfactoris per al pacient.<\/p><p style=\"text-align: justify;\">Aquest laboratori col\u00b7labora amb la nostra cl\u00ednica colze a colze, coneix els nostres m\u00e8todes i protocols de treball, planificant conjuntament les intervencions de cada pacient.<\/p>\t\t\t\t\t\t\t\t<\/div>\n\t\t\t\t<\/div>\n\t\t\t\t\t<\/div>\n\t\t<\/div>\n\t\t\t\t<div class=\"elementor-column elementor-col-50 elementor-inner-column elementor-element elementor-element-2410bf4\" data-id=\"2410bf4\" data-element_type=\"column\" data-e-type=\"column\">\n\t\t\t<div class=\"elementor-widget-wrap elementor-element-populated\">\n\t\t\t\t\t\t<div class=\"elementor-element elementor-element-800ac6a elementor-widget elementor-widget-image\" data-id=\"800ac6a\" data-element_type=\"widget\" data-e-type=\"widget\" data-widget_type=\"image.default\">\n\t\t\t\t<div class=\"elementor-widget-container\">\n\t\t\t\t\t\t\t\t\t\t\t\t<figure class=\"wp-caption\">\n\t\t\t\t\t\t\t\t\t\t<img decoding=\"async\" width=\"1100\" height=\"1429\" src=\"https:\/\/centredentalcise.com\/wp-content\/uploads\/2017\/02\/Joan-Losilla.jpg\" class=\"attachment-full size-full wp-image-995\" alt=\"Joan Losilla | Centre Dental Cise\" srcset=\"https:\/\/centredentalcise.com\/wp-content\/uploads\/2017\/02\/Joan-Losilla.jpg 1100w, https:\/\/centredentalcise.com\/wp-content\/uploads\/2017\/02\/Joan-Losilla-115x150.jpg 115w, https:\/\/centredentalcise.com\/wp-content\/uploads\/2017\/02\/Joan-Losilla-231x300.jpg 231w, https:\/\/centredentalcise.com\/wp-content\/uploads\/2017\/02\/Joan-Losilla-768x998.jpg 768w, https:\/\/centredentalcise.com\/wp-content\/uploads\/2017\/02\/Joan-Losilla-788x1024.jpg 788w\" sizes=\"(max-width: 1100px) 100vw, 1100px\" \/>\t\t\t\t\t\t\t\t\t\t\t<figcaption class=\"widget-image-caption wp-caption-text\">Joan Losilla<\/figcaption>\n\t\t\t\t\t\t\t\t\t\t<\/figure>\n\t\t\t\t\t\t\t\t\t<\/div>\n\t\t\t\t<\/div>\n\t\t\t\t\t<\/div>\n\t\t<\/div>\n\t\t\t\t\t<\/div>\n\t\t<\/section>\n\t\t\t\t<div class=\"elementor-element elementor-element-7c01e49 elementor-widget elementor-widget-text-editor\" data-id=\"7c01e49\" data-element_type=\"widget\" data-e-type=\"widget\" data-widget_type=\"text-editor.default\">\n\t\t\t\t<div class=\"elementor-widget-container\">\n\t\t\t\t\t\t\t\t\t<p style=\"text-align: justify;\">En tractar-se d&#8217;un laboratori prot\u00e8tic situat al mateix edifici que nosaltres, permet els millors resultats i la m\u00e0xima immediatesa. Est\u00e0 a l&#8217;avantguarda de la tecnologia al mercat, permetent resoldre de manera brillant qualsevol problema prot\u00e8tic i dental. Compta amb els millors professionals t\u00e8cnics, els qui interactuen de forma personal i directa amb els dentistes i facultatius de Centre Dental Cise.<\/p><p style=\"text-align: justify;\">Tot aix\u00f2, permet augmentar les prestacions dels nostres serveis i garantir una \u00f2ptima qualitat en els nostres materials, cosa que molt poques cl\u00edniques dentals poden dir. Oferint aix\u00ed uns temps de lliurament extremadament r\u00e0pids, reparacions en 1 hora, preus molt competitius, i tot sempre amb un servei i una qualitat impecables.<\/p>\t\t\t\t\t\t\t\t<\/div>\n\t\t\t\t<\/div>\n\t\t\t\t<div class=\"elementor-element elementor-element-a3a3d4c elementor-arrows-position-inside elementor-widget elementor-widget-image-carousel\" data-id=\"a3a3d4c\" data-element_type=\"widget\" data-e-type=\"widget\" data-settings=\"{&quot;slides_to_show&quot;:&quot;1&quot;,&quot;navigation&quot;:&quot;arrows&quot;,&quot;pause_on_hover&quot;:&quot;no&quot;,&quot;pause_on_interaction&quot;:&quot;no&quot;,&quot;effect&quot;:&quot;fade&quot;,&quot;autoplay&quot;:&quot;yes&quot;,&quot;autoplay_speed&quot;:5000,&quot;infinite&quot;:&quot;yes&quot;,&quot;speed&quot;:500}\" data-widget_type=\"image-carousel.default\">\n\t\t\t\t<div class=\"elementor-widget-container\">\n\t\t\t\t\t\t\t<div class=\"elementor-image-carousel-wrapper swiper\" role=\"region\" aria-roledescription=\"carousel\" aria-label=\"Carrusel d&#039;imatges\" dir=\"ltr\">\n\t\t\t<div class=\"elementor-image-carousel swiper-wrapper\" aria-live=\"off\">\n\t\t\t\t\t\t\t\t<div class=\"swiper-slide\" role=\"group\" aria-roledescription=\"slide\" aria-label=\"1 de 5\"><figure class=\"swiper-slide-inner\"><img decoding=\"async\" class=\"swiper-slide-image\" src=\"https:\/\/centredentalcise.com\/wp-content\/uploads\/2020\/12\/Centre-Dental-Cise-Laboratori-dental-1.jpg\" alt=\"Centre Dental Cise - Laboratori dental\" \/><\/figure><\/div><div class=\"swiper-slide\" role=\"group\" aria-roledescription=\"slide\" aria-label=\"2 de 5\"><figure class=\"swiper-slide-inner\"><img decoding=\"async\" class=\"swiper-slide-image\" src=\"https:\/\/centredentalcise.com\/wp-content\/uploads\/2020\/12\/Centre-Dental-Cise-Laboratori-dental-2.jpg\" alt=\"Centre Dental Cise - Laboratori dental\" \/><\/figure><\/div><div class=\"swiper-slide\" role=\"group\" aria-roledescription=\"slide\" aria-label=\"3 de 5\"><figure class=\"swiper-slide-inner\"><img decoding=\"async\" class=\"swiper-slide-image\" src=\"https:\/\/centredentalcise.com\/wp-content\/uploads\/2020\/12\/Centre-Dental-Cise-Laboratori-dental-3.jpg\" alt=\"Centre Dental Cise - Laboratori dental\" \/><\/figure><\/div><div class=\"swiper-slide\" role=\"group\" aria-roledescription=\"slide\" aria-label=\"4 de 5\"><figure class=\"swiper-slide-inner\"><img decoding=\"async\" class=\"swiper-slide-image\" src=\"https:\/\/centredentalcise.com\/wp-content\/uploads\/2020\/12\/Centre-Dental-Cise-Laboratori-dental-4.jpg\" alt=\"Centre Dental Cise - Laboratori dental\" \/><\/figure><\/div><div class=\"swiper-slide\" role=\"group\" aria-roledescription=\"slide\" aria-label=\"5 de 5\"><figure class=\"swiper-slide-inner\"><img decoding=\"async\" class=\"swiper-slide-image\" src=\"https:\/\/centredentalcise.com\/wp-content\/uploads\/2020\/12\/Centre-Dental-Cise-Laboratori-dental-5.jpg\" alt=\"Centre Dental Cise - Laboratori dental\" \/><\/figure><\/div>\t\t\t<\/div>\n\t\t\t\t\t\t\t\t\t\t\t\t<div class=\"elementor-swiper-button elementor-swiper-button-prev\" role=\"button\" tabindex=\"0\">\n\t\t\t\t\t\t<i aria-hidden=\"true\" class=\"eicon-chevron-left\"><\/i>\t\t\t\t\t<\/div>\n\t\t\t\t\t<div class=\"elementor-swiper-button elementor-swiper-button-next\" role=\"button\" tabindex=\"0\">\n\t\t\t\t\t\t<i aria-hidden=\"true\" class=\"eicon-chevron-right\"><\/i>\t\t\t\t\t<\/div>\n\t\t\t\t\n\t\t\t\t\t\t\t\t\t<\/div>\n\t\t\t\t\t\t<\/div>\n\t\t\t\t<\/div>\n\t\t\t\t\t<\/div>\n\t\t<\/div>\n\t\t\t\t\t<\/div>\n\t\t<\/section>\n\t\t\t\t<\/div>\n\t\t","protected":false},"excerpt":{"rendered":"<p>De la mano del prot\u00e9sico dental\u2026 Joan Losilla Laboratori Dental El encargado de dise\u00f1ar, elaborar, fabricar y adaptar las diferentes pr\u00f3tesis dentales, es el prot\u00e9sico dental, quien realiza su trabajo en un laboratorio dental recibiendo las indicaciones del odont\u00f3logo, que trabaja en cl\u00ednica. Fundado a principios de los a\u00f1os 70 por Juan Losilla, colegiado n\u00fam.2<br \/><a class=\"moretag\" href=\"https:\/\/centredentalcise.com\/es\/laboratori\/\">+ Read More<\/a><\/p>\n","protected":false},"author":1,"featured_media":1952,"parent":0,"menu_order":0,"comment_status":"closed","ping_status":"closed","template":"","meta":{"footnotes":""},"class_list":["post-1103","page","type-page","status-publish","has-post-thumbnail","hentry"],"_links":{"self":[{"href":"https:\/\/centredentalcise.com\/es\/wp-json\/wp\/v2\/pages\/1103","targetHints":{"allow":["GET"]}}],"collection":[{"href":"https:\/\/centredentalcise.com\/es\/wp-json\/wp\/v2\/pages"}],"about":[{"href":"https:\/\/centredentalcise.com\/es\/wp-json\/wp\/v2\/types\/page"}],"author":[{"embeddable":true,"href":"https:\/\/centredentalcise.com\/es\/wp-json\/wp\/v2\/users\/1"}],"replies":[{"embeddable":true,"href":"https:\/\/centredentalcise.com\/es\/wp-json\/wp\/v2\/comments?post=1103"}],"version-history":[{"count":0,"href":"https:\/\/centredentalcise.com\/es\/wp-json\/wp\/v2\/pages\/1103\/revisions"}],"wp:featuredmedia":[{"embeddable":true,"href":"https:\/\/centredentalcise.com\/es\/wp-json\/wp\/v2\/media\/1952"}],"wp:attachment":[{"href":"https:\/\/centredentalcise.com\/es\/wp-json\/wp\/v2\/media?parent=1103"}],"curies":[{"name":"wp","href":"https:\/\/api.w.org\/{rel}","templated":true}]}}