{"id":480,"date":"2016-08-17T14:31:19","date_gmt":"2016-08-17T14:31:19","guid":{"rendered":"http:\/\/www.centredentalcise.com\/info\/?page_id=480"},"modified":"2023-05-18T11:30:11","modified_gmt":"2023-05-18T09:30:11","slug":"blog","status":"publish","type":"page","link":"https:\/\/centredentalcise.com\/en\/blog\/","title":{"rendered":"Blog"},"content":{"rendered":"\t\t<div data-elementor-type=\"wp-page\" data-elementor-id=\"480\" class=\"elementor elementor-480\" data-elementor-post-type=\"page\">\n\t\t\t\t\t\t<section class=\"elementor-section elementor-top-section elementor-element elementor-element-64713ed elementor-section-full_width elementor-section-height-default elementor-section-height-default\" data-id=\"64713ed\" data-element_type=\"section\" data-e-type=\"section\">\n\t\t\t\t\t\t<div class=\"elementor-container elementor-column-gap-no\">\n\t\t\t\t\t<div class=\"elementor-column elementor-col-100 elementor-top-column elementor-element elementor-element-7f5a876\" data-id=\"7f5a876\" data-element_type=\"column\" data-e-type=\"column\">\n\t\t\t<div class=\"elementor-widget-wrap elementor-element-populated\">\n\t\t\t\t\t\t<div class=\"elementor-element elementor-element-d29aacd premium-blog-align-center elementor-widget elementor-widget-premium-addon-blog\" data-id=\"d29aacd\" data-element_type=\"widget\" data-e-type=\"widget\" data-settings=\"{&quot;scroll_to_offset&quot;:&quot;yes&quot;}\" data-widget_type=\"premium-addon-blog.default\">\n\t\t\t\t<div class=\"elementor-widget-container\">\n\t\t\t\t\t\r\n\t\t\r\n\r\n\t\t\t\t<div class=\"premium-blog-wrap  premium-blog-list\" data-page=\"480\" data-pagination=\"true\">\r\n\t\t\t\t\t\t\t\t\t<div class=\"premium-blog-post-outer-container\" data-total=\"20\">\r\n\t\t\t<div class=\"premium-blog-post-container premium-blog-skin-modern\">\r\n\t\t\t\t\t\t\t\t\t<div class=\"premium-blog-thumb-effect-wrapper\">\r\n\t\t\t\t\t\t<div class=\"premium-blog-thumbnail-container premium-blog-zoomin-effect\">\r\n\t\t\t\t\t\t\t\t\t\t\t<a href=\"https:\/\/centredentalcise.com\/en\/la-importancia-dun-bon-diagnostic\/\" target=\"_self\">\r\n\t\t\t\t<img fetchpriority=\"high\" decoding=\"async\" width=\"960\" height=\"661\" src=\"https:\/\/centredentalcise.com\/wp-content\/uploads\/2022\/05\/Centre-Dental-Cise-La-importancia-dun-bon-diagnostic.jpg\" class=\"attachment-full size-full wp-image-82821\" alt=\"Centre Dental Cise - La import\u00e0ncia d&#039;un bon diagn\u00f2stic\" srcset=\"https:\/\/centredentalcise.com\/wp-content\/uploads\/2022\/05\/Centre-Dental-Cise-La-importancia-dun-bon-diagnostic.jpg 960w, https:\/\/centredentalcise.com\/wp-content\/uploads\/2022\/05\/Centre-Dental-Cise-La-importancia-dun-bon-diagnostic-300x207.jpg 300w, https:\/\/centredentalcise.com\/wp-content\/uploads\/2022\/05\/Centre-Dental-Cise-La-importancia-dun-bon-diagnostic-150x103.jpg 150w, https:\/\/centredentalcise.com\/wp-content\/uploads\/2022\/05\/Centre-Dental-Cise-La-importancia-dun-bon-diagnostic-768x529.jpg 768w\" sizes=\"(max-width: 960px) 100vw, 960px\" \/>\t\t\t\t<\/a>\r\n\t\t\t\t\t\t\t\t\t\t<\/div>\r\n\t\t\t\t\t\t\t\t\t\t\t\t\t<div class=\"premium-blog-effect-container premium-blog-framed-effect\">\r\n\t\t\t\t\t\t\t\t<a class=\"premium-blog-post-link\" href=\"https:\/\/centredentalcise.com\/en\/la-importancia-dun-bon-diagnostic\/\" target=\"_self\"><span>La importancia de un buen diagn\u00f3stico<\/span><\/a>\r\n\t\t\t\t\t\t\t\t\t\t\t\t\t\t\t<\/div>\r\n\t\t\t\t\t\t\t\t\t\t\t<\/div>\r\n\t\t\t\t\t\t\t\t\t\t\t\t<div class=\"premium-blog-content-wrapper \">\r\n\r\n\t\t\t\t\t<div class=\"premium-blog-inner-container\">\r\n\r\n\t\t\t\t\t\t\t\t\t\t\t\t\t\t<h3 class=\"premium-blog-entry-title\">\r\n\t\t\t<a href=\"https:\/\/centredentalcise.com\/en\/la-importancia-dun-bon-diagnostic\/\" target=\"_self\">\r\n\t\t\t\tLa importancia de un buen diagn\u00f3stico\t\t\t<\/a>\r\n\t\t<\/h3>\r\n\t\t\t\t<div class=\"premium-blog-entry-meta\">\r\n\t\t\t\r\n\t\t\t\r\n\t\t\t\r\n\t\t\t\t\t<\/div>\r\n\t\t\r\n\t\t\t\t\t<\/div>\r\n\r\n\t\t\t\t\t\t\t<div class=\"premium-blog-content-inner-wrapper\">\r\n\t\t<p class=\"premium-blog-post-content\">La <strong>ortopantomograf\u00eda<\/strong>, tambi\u00e9n llamada <strong>radiograf\u00eda panor\u00e1mica<\/strong>, es una t\u00e9cnica radiol\u00f3gica que representa una imagen general de los maxilares, la mand\u00edbula y los dientes.<\/p><div class=\"premium-blog-excerpt-link-wrap\"><a href=\"https:\/\/centredentalcise.com\/en\/la-importancia-dun-bon-diagnostic\/\" target=\"_self\" class=\"premium-blog-excerpt-link elementor-button\">Read the article<\/a><\/div>\t\t<\/div>\r\n\t\t\t\t\t\t\t\r\n\t\t\t\t<\/div>\r\n\t\t\t<\/div>\r\n\t\t<\/div>\r\n\r\n\t\t\t\t<div class=\"premium-blog-post-outer-container\" data-total=\"20\">\r\n\t\t\t<div class=\"premium-blog-post-container premium-blog-skin-modern\">\r\n\t\t\t\t\t\t\t\t\t<div class=\"premium-blog-thumb-effect-wrapper\">\r\n\t\t\t\t\t\t<div class=\"premium-blog-thumbnail-container premium-blog-zoomin-effect\">\r\n\t\t\t\t\t\t\t\t\t\t\t<a href=\"https:\/\/centredentalcise.com\/en\/prevencio-de-caries\/\" target=\"_self\">\r\n\t\t\t\t<img decoding=\"async\" width=\"960\" height=\"600\" src=\"https:\/\/centredentalcise.com\/wp-content\/uploads\/2021\/12\/Centre-Dental-Cise-Clinica-dental-a-Figueres-Prevencio-de-la-Caries.jpg\" class=\"attachment-full size-full wp-image-82738\" alt=\"Centre Dental Cise - Cl\u00ednica dental a Figueres - Prevenci\u00f3 de la C\u00e0ries\" srcset=\"https:\/\/centredentalcise.com\/wp-content\/uploads\/2021\/12\/Centre-Dental-Cise-Clinica-dental-a-Figueres-Prevencio-de-la-Caries.jpg 960w, https:\/\/centredentalcise.com\/wp-content\/uploads\/2021\/12\/Centre-Dental-Cise-Clinica-dental-a-Figueres-Prevencio-de-la-Caries-300x188.jpg 300w, https:\/\/centredentalcise.com\/wp-content\/uploads\/2021\/12\/Centre-Dental-Cise-Clinica-dental-a-Figueres-Prevencio-de-la-Caries-150x94.jpg 150w, https:\/\/centredentalcise.com\/wp-content\/uploads\/2021\/12\/Centre-Dental-Cise-Clinica-dental-a-Figueres-Prevencio-de-la-Caries-768x480.jpg 768w\" sizes=\"(max-width: 960px) 100vw, 960px\" \/>\t\t\t\t<\/a>\r\n\t\t\t\t\t\t\t\t\t\t<\/div>\r\n\t\t\t\t\t\t\t\t\t\t\t\t\t<div class=\"premium-blog-effect-container premium-blog-framed-effect\">\r\n\t\t\t\t\t\t\t\t<a class=\"premium-blog-post-link\" href=\"https:\/\/centredentalcise.com\/en\/prevencio-de-caries\/\" target=\"_self\"><span>Prevenci\u00f3n de caries<\/span><\/a>\r\n\t\t\t\t\t\t\t\t\t\t\t\t\t\t\t<\/div>\r\n\t\t\t\t\t\t\t\t\t\t\t<\/div>\r\n\t\t\t\t\t\t\t\t\t\t\t\t<div class=\"premium-blog-content-wrapper \">\r\n\r\n\t\t\t\t\t<div class=\"premium-blog-inner-container\">\r\n\r\n\t\t\t\t\t\t\t\t\t\t\t\t\t\t<h3 class=\"premium-blog-entry-title\">\r\n\t\t\t<a href=\"https:\/\/centredentalcise.com\/en\/prevencio-de-caries\/\" target=\"_self\">\r\n\t\t\t\tPrevenci\u00f3n de caries\t\t\t<\/a>\r\n\t\t<\/h3>\r\n\t\t\t\t<div class=\"premium-blog-entry-meta\">\r\n\t\t\t\r\n\t\t\t\r\n\t\t\t\r\n\t\t\t\t\t<\/div>\r\n\t\t\r\n\t\t\t\t\t<\/div>\r\n\r\n\t\t\t\t\t\t\t<div class=\"premium-blog-content-inner-wrapper\">\r\n\t\t<p class=\"premium-blog-post-content\">La <b>caries<\/b> es una enfermedad que si no se previene y cura correctamente puede destruir nuestros dientes. Ataca los tejidos duros de los dientes (esmalte y cimiento) y acaba destruy\u00e9ndolos.<\/p><div class=\"premium-blog-excerpt-link-wrap\"><a href=\"https:\/\/centredentalcise.com\/en\/prevencio-de-caries\/\" target=\"_self\" class=\"premium-blog-excerpt-link elementor-button\">Read the article<\/a><\/div>\t\t<\/div>\r\n\t\t\t\t\t\t\t\r\n\t\t\t\t<\/div>\r\n\t\t\t<\/div>\r\n\t\t<\/div>\r\n\r\n\t\t\t\t<div class=\"premium-blog-post-outer-container\" data-total=\"20\">\r\n\t\t\t<div class=\"premium-blog-post-container premium-blog-skin-modern\">\r\n\t\t\t\t\t\t\t\t\t<div class=\"premium-blog-thumb-effect-wrapper\">\r\n\t\t\t\t\t\t<div class=\"premium-blog-thumbnail-container premium-blog-zoomin-effect\">\r\n\t\t\t\t\t\t\t\t\t\t\t<a href=\"https:\/\/centredentalcise.com\/en\/endo-time-matant-nervis\/\" target=\"_self\">\r\n\t\t\t\t<img decoding=\"async\" width=\"960\" height=\"576\" src=\"https:\/\/centredentalcise.com\/wp-content\/uploads\/2019\/08\/Qu\u00e8-\u00e9s-una-endod\u00f2ncia.jpg\" class=\"attachment-full size-full wp-image-3211\" alt=\"Qu\u00e8 \u00e9s una endod\u00f2ncia | Cl\u00ednica Dental Cise | Figueres\" srcset=\"https:\/\/centredentalcise.com\/wp-content\/uploads\/2019\/08\/Qu\u00e8-\u00e9s-una-endod\u00f2ncia.jpg 960w, https:\/\/centredentalcise.com\/wp-content\/uploads\/2019\/08\/Qu\u00e8-\u00e9s-una-endod\u00f2ncia-150x90.jpg 150w, https:\/\/centredentalcise.com\/wp-content\/uploads\/2019\/08\/Qu\u00e8-\u00e9s-una-endod\u00f2ncia-300x180.jpg 300w, https:\/\/centredentalcise.com\/wp-content\/uploads\/2019\/08\/Qu\u00e8-\u00e9s-una-endod\u00f2ncia-768x461.jpg 768w\" sizes=\"(max-width: 960px) 100vw, 960px\" \/>\t\t\t\t<\/a>\r\n\t\t\t\t\t\t\t\t\t\t<\/div>\r\n\t\t\t\t\t\t\t\t\t\t\t\t\t<div class=\"premium-blog-effect-container premium-blog-framed-effect\">\r\n\t\t\t\t\t\t\t\t<a class=\"premium-blog-post-link\" href=\"https:\/\/centredentalcise.com\/en\/endo-time-matant-nervis\/\" target=\"_self\"><span>Endo Time \u201cmatando nervios\u201d<\/span><\/a>\r\n\t\t\t\t\t\t\t\t\t\t\t\t\t\t\t<\/div>\r\n\t\t\t\t\t\t\t\t\t\t\t<\/div>\r\n\t\t\t\t\t\t\t\t\t\t\t\t<div class=\"premium-blog-content-wrapper \">\r\n\r\n\t\t\t\t\t<div class=\"premium-blog-inner-container\">\r\n\r\n\t\t\t\t\t\t\t\t\t\t\t\t\t\t<h3 class=\"premium-blog-entry-title\">\r\n\t\t\t<a href=\"https:\/\/centredentalcise.com\/en\/endo-time-matant-nervis\/\" target=\"_self\">\r\n\t\t\t\tEndo Time \u201cmatando nervios\u201d\t\t\t<\/a>\r\n\t\t<\/h3>\r\n\t\t\t\t<div class=\"premium-blog-entry-meta\">\r\n\t\t\t\r\n\t\t\t\r\n\t\t\t\r\n\t\t\t\t\t<\/div>\r\n\t\t\r\n\t\t\t\t\t<\/div>\r\n\r\n\t\t\t\t\t\t\t<div class=\"premium-blog-content-inner-wrapper\">\r\n\t\t<p class=\"premium-blog-post-content\">Una <b>endodoncia<\/b>, com\u00fanmente conocida como matar el nervio dental, es un tratamiento que se aplica a una pieza dental cuando el nervio, es decir, una de las partes internas, est\u00e1 inflamado, siendo la causa m\u00e1s habitual de esta inflamaci\u00f3n, la caries.<\/p><div class=\"premium-blog-excerpt-link-wrap\"><a href=\"https:\/\/centredentalcise.com\/en\/endo-time-matant-nervis\/\" target=\"_self\" class=\"premium-blog-excerpt-link elementor-button\">Read the article<\/a><\/div>\t\t<\/div>\r\n\t\t\t\t\t\t\t\r\n\t\t\t\t<\/div>\r\n\t\t\t<\/div>\r\n\t\t<\/div>\r\n\r\n\t\t\t\t\t\t\t<\/div>\r\n\r\n\t\t\t\t\t<div class=\"premium-blog-footer\">\r\n\t\t\t\t\t\t\t<nav class=\"premium-blog-pagination-container\" role=\"navigation\" aria-label=\"Pagination\">\r\n\t\t\t\t<span aria-current=\"page\" class=\"page-numbers current\">1<\/span>\n<a class=\"page-numbers\" href=\"https:\/\/centredentalcise.com\/en\/wp-json\/wp\/v2\/pages\/480\/page\/2\/\">2<\/a>\n<a class=\"page-numbers\" href=\"https:\/\/centredentalcise.com\/en\/wp-json\/wp\/v2\/pages\/480\/page\/3\/\">3<\/a>\n<span class=\"page-numbers dots\">&hellip;<\/span>\n<a class=\"page-numbers\" href=\"https:\/\/centredentalcise.com\/en\/wp-json\/wp\/v2\/pages\/480\/page\/20\/\">20<\/a>\t\t\t<\/nav>\r\n\t\t\t\t\t\t<\/div>\r\n\t\t\r\n\t\t\r\n\t\t\t\t\t\t<\/div>\n\t\t\t\t<\/div>\n\t\t\t\t\t<\/div>\n\t\t<\/div>\n\t\t\t\t\t<\/div>\n\t\t<\/section>\n\t\t\t\t<\/div>\n\t\t","protected":false},"excerpt":{"rendered":"<p>La import\u00e0ncia d&#8217;un bon diagn\u00f2stic La import\u00e0ncia d&#8217;un bon diagn\u00f2stic La ortopantomograf\u00eda, tambi\u00e9n llamada radiograf\u00eda panor\u00e1mica, es una t\u00e9cnica radiol\u00f3gica que representa una imagen general de los maxilares, la mand\u00edbula y los dientes. Read the article Prevenci\u00f3 de c\u00e0ries Prevenci\u00f3 de c\u00e0ries La caries es una enfermedad que si no se previene y cura correctamente<br \/><a class=\"moretag\" href=\"https:\/\/centredentalcise.com\/en\/endo-time-matant-nervis\/\">+ Read More<\/a><\/p>\n","protected":false},"author":1,"featured_media":2010,"parent":0,"menu_order":0,"comment_status":"closed","ping_status":"closed","template":"","meta":{"footnotes":""},"class_list":["post-480","page","type-page","status-publish","has-post-thumbnail","hentry"],"_links":{"self":[{"href":"https:\/\/centredentalcise.com\/en\/wp-json\/wp\/v2\/pages\/480","targetHints":{"allow":["GET"]}}],"collection":[{"href":"https:\/\/centredentalcise.com\/en\/wp-json\/wp\/v2\/pages"}],"about":[{"href":"https:\/\/centredentalcise.com\/en\/wp-json\/wp\/v2\/types\/page"}],"author":[{"embeddable":true,"href":"https:\/\/centredentalcise.com\/en\/wp-json\/wp\/v2\/users\/1"}],"replies":[{"embeddable":true,"href":"https:\/\/centredentalcise.com\/en\/wp-json\/wp\/v2\/comments?post=480"}],"version-history":[{"count":0,"href":"https:\/\/centredentalcise.com\/en\/wp-json\/wp\/v2\/pages\/480\/revisions"}],"wp:featuredmedia":[{"embeddable":true,"href":"https:\/\/centredentalcise.com\/en\/wp-json\/wp\/v2\/media\/2010"}],"wp:attachment":[{"href":"https:\/\/centredentalcise.com\/en\/wp-json\/wp\/v2\/media?parent=480"}],"curies":[{"name":"wp","href":"https:\/\/api.w.org\/{rel}","templated":true}]}}